{"id":95652,"date":"2025-04-04T18:39:33","date_gmt":"2025-04-04T16:39:33","guid":{"rendered":"https:\/\/www.simic-speck.at\/?post_type=product&#038;p=95652"},"modified":"2026-03-26T08:20:42","modified_gmt":"2026-03-26T07:20:42","slug":"slanina-od-slavonskih-svinja","status":"publish","type":"product","link":"https:\/\/www.simic-speck.at\/hr\/product\/slanina-od-slavonskih-svinja\/","title":{"rendered":"SLANINA od Slavonskih Svinja"},"content":{"rendered":"<p><b>Kroatisches Erzeugnis nach Alt-Kroatischer Tradition.<\/b><\/p>\n<p>Svinjska potrbu\u0161ina za\u010dinjena odabranim za\u010dinima, dimljena na bukovini i su\u0161ena na zraku.<\/p>","protected":false},"excerpt":{"rendered":"<ul>\n<li>Napravljeno prema staroj lokalnoj tradiciji<\/li>\n<li>SELJACKA PROIZVODNJA<\/li>\n<li>Hrvatski proizvod<\/li>\n<li>Najbolje do 180 dana<\/li>\n<li>Cijena po kg<\/li>\n<li>ca. 300g &#8211; 800g Packung<\/li>\n<\/ul>","protected":false},"featured_media":95654,"template":"","meta":{"_acf_changed":false,"inline_featured_image":false},"product_brand":[],"product_cat":[81],"product_tag":[124],"class_list":{"0":"post-95652","1":"product","2":"type-product","3":"status-publish","4":"has-post-thumbnail","6":"product_cat-schweinefleisch","7":"product_tag-kroatisches-produkt","9":"first","10":"outofstock","11":"taxable","12":"shipping-taxable","13":"purchasable","14":"product-type-simple"},"acf":[],"_links":{"self":[{"href":"https:\/\/www.simic-speck.at\/hr\/wp-json\/wp\/v2\/product\/95652","targetHints":{"allow":["GET"]}}],"collection":[{"href":"https:\/\/www.simic-speck.at\/hr\/wp-json\/wp\/v2\/product"}],"about":[{"href":"https:\/\/www.simic-speck.at\/hr\/wp-json\/wp\/v2\/types\/product"}],"wp:featuredmedia":[{"embeddable":true,"href":"https:\/\/www.simic-speck.at\/hr\/wp-json\/wp\/v2\/media\/95654"}],"wp:attachment":[{"href":"https:\/\/www.simic-speck.at\/hr\/wp-json\/wp\/v2\/media?parent=95652"}],"wp:term":[{"taxonomy":"product_brand","embeddable":true,"href":"https:\/\/www.simic-speck.at\/hr\/wp-json\/wp\/v2\/product_brand?post=95652"},{"taxonomy":"product_cat","embeddable":true,"href":"https:\/\/www.simic-speck.at\/hr\/wp-json\/wp\/v2\/product_cat?post=95652"},{"taxonomy":"product_tag","embeddable":true,"href":"https:\/\/www.simic-speck.at\/hr\/wp-json\/wp\/v2\/product_tag?post=95652"}],"curies":[{"name":"wp","href":"https:\/\/api.w.org\/{rel}","templated":true}]}}