{"id":93807,"date":"2025-03-12T09:14:05","date_gmt":"2025-03-12T08:14:05","guid":{"rendered":"https:\/\/www.simic-speck.at\/?post_type=product&#038;p=93807"},"modified":"2026-02-17T09:46:21","modified_gmt":"2026-02-17T08:46:21","slug":"barena-sunka-schinkenspeck-gesurt","status":"publish","type":"product","link":"https:\/\/www.simic-speck.at\/hr\/product\/barena-sunka-schinkenspeck-gesurt\/","title":{"rendered":"BARENA SUNKA \/ Schinkenspeck gesurt"},"content":{"rendered":"<div>\n<p><b>Austrijski proizvod napravljen prema staroj hrvatskoj tradiciji.<\/b><\/p>\n<p>Svinjska \u0161unka utrljana mje\u0161avinom finih za\u010dina, dimljena na bukovini i pe\u010dena.<\/p>\n<h3>Sastojci:<\/h3>\n<div>\n<div>\n<div>\n<div>\n<div>\n<div>\n<div>\n<div>\n<div>\n<ul>\n<li>Svinjetina<\/li>\n<li>Stabilizator: E451, E450<\/li>\n<li>Ekstrakti za\u010dina<\/li>\n<li>Glukoza<\/li>\n<li>Poja\u010diva\u010d okusa: E621<\/li>\n<li>Antioksidans: E301<\/li>\n<li>Bujon<\/li>\n<li>Aroma<\/li>\n<li>Konzervans: E250<\/li>\n<li>Kuhinjska sol<\/li>\n<\/ul>\n<\/div>\n<\/div>\n<\/div>\n<\/div>\n<h3>Nutritivne vrijednosti po 100 g<\/h3>\n<\/div>\n<\/div>\n<\/div>\n<\/div>\n<\/div>\n<\/div>\n<ul>\n<li class=\"translation-block\">Enerija: 805 kJ \/ 195 kcal<\/li>\n<li class=\"translation-block\">Masti: 15 g \u2013 od toga zasi\u0107ene masne kiseline 6,2 g<\/li>\n<li class=\"translation-block\">Ugljikohidrati: &lt;0,5 g \u2013 od toga \u0161e\u0107eri 0,5 g<\/li>\n<li class=\"translation-block\">Protein: 30 g<\/li>\n<li class=\"translation-block\">Natrij: 5,1 g<\/li>\n<\/ul>","protected":false},"excerpt":{"rendered":"<ul>\n<li>Austrijski proizvod napravljen prema staroj hrvatskoj tradiciji<\/li>\n<li>Najbolje do 60 dana<\/li>\n<li>Cijena za ve\u0107e komade: 14,99 \u20ac\/kg<\/li>\n<li>Cijena za male komade: 15,99 \u20ac\/kg<\/li>\n<li>Napla\u0107uje vam se samo ono \u0161to dobijete<\/li>\n<\/ul>","protected":false},"featured_media":48829,"template":"","meta":{"_acf_changed":false,"inline_featured_image":false},"product_brand":[],"product_cat":[81],"product_tag":[95,126],"class_list":{"0":"post-93807","1":"product","2":"type-product","3":"status-publish","4":"has-post-thumbnail","6":"product_cat-schweinefleisch","7":"product_tag-nach-alt-kroatischer-tradition","8":"product_tag-nach-alter-lokaler-tradition-hergestellt","10":"first","11":"instock","12":"taxable","13":"shipping-taxable","14":"purchasable","15":"product-type-variable","16":"has-default-attributes"},"acf":[],"_links":{"self":[{"href":"https:\/\/www.simic-speck.at\/hr\/wp-json\/wp\/v2\/product\/93807","targetHints":{"allow":["GET"]}}],"collection":[{"href":"https:\/\/www.simic-speck.at\/hr\/wp-json\/wp\/v2\/product"}],"about":[{"href":"https:\/\/www.simic-speck.at\/hr\/wp-json\/wp\/v2\/types\/product"}],"wp:featuredmedia":[{"embeddable":true,"href":"https:\/\/www.simic-speck.at\/hr\/wp-json\/wp\/v2\/media\/48829"}],"wp:attachment":[{"href":"https:\/\/www.simic-speck.at\/hr\/wp-json\/wp\/v2\/media?parent=93807"}],"wp:term":[{"taxonomy":"product_brand","embeddable":true,"href":"https:\/\/www.simic-speck.at\/hr\/wp-json\/wp\/v2\/product_brand?post=93807"},{"taxonomy":"product_cat","embeddable":true,"href":"https:\/\/www.simic-speck.at\/hr\/wp-json\/wp\/v2\/product_cat?post=93807"},{"taxonomy":"product_tag","embeddable":true,"href":"https:\/\/www.simic-speck.at\/hr\/wp-json\/wp\/v2\/product_tag?post=93807"}],"curies":[{"name":"wp","href":"https:\/\/api.w.org\/{rel}","templated":true}]}}