{"id":90053,"date":"2025-01-13T17:18:10","date_gmt":"2025-01-13T16:18:10","guid":{"rendered":"https:\/\/www.simic-speck.at\/?post_type=product&#038;p=90053"},"modified":"2026-03-18T15:27:18","modified_gmt":"2026-03-18T14:27:18","slug":"cvarci-presani-chips-grammeln-250g","status":"publish","type":"product","link":"https:\/\/www.simic-speck.at\/hr\/product\/cvarci-presani-chips-grammeln-250g\/","title":{"rendered":"\u010cVARCI PRESANI \/ Chips Grammeln 250g"},"content":{"rendered":"<h2 data-start=\"184\" data-end=\"214\">\ud83e\udd53 \u010cvarci pre\u0161ani (Grammeln)<\/h2>\n<h3 data-start=\"216\" data-end=\"264\">Hrskava specijalnost napravljena na tradicionalan na\u010din<\/h3>\n<p data-start=\"266\" data-end=\"462\" class=\"translation-block\">Na\u0161i <strong data-start=\"273\" data-end=\"291\">\u010cvarci pre\u0161ani<\/strong> su slana delicija napravljena od otopljene svinjske masti. Pripremljeni tradicionalnim metodama, nje\u017eno se zagrijavaju, pre\u0161aju i za\u010dinjavaju do savr\u0161enstva.<\/p>\n<p data-start=\"464\" data-end=\"583\">Zlatno sme\u0111e, aromati\u010dno i puno okusa \u2013 savr\u0161eno kao u\u017eina, uz svje\u017ei seoski kruh ili kao rustikalni prilog.<\/p>\n<p data-start=\"585\" data-end=\"658\">Autenti\u010dan proizvod s karakterom \u2013 zasitan, hrskav i neizmijenjen.<\/p>\n<hr data-start=\"660\" data-end=\"663\" \/>\n<h2 data-start=\"665\" data-end=\"690\">\u2705 Informacije o proizvodu<\/h2>\n<p data-start=\"692\" data-end=\"925\"><strong data-start=\"692\" data-end=\"716\">Naziv proizvoda:<\/strong> Pr\u017eene ko\u017eice<br data-start=\"735\" data-end=\"738\" \/><strong data-start=\"738\" data-end=\"750\">Sastojci:<\/strong> Svinjska mast, morska sol, luk<br data-start=\"788\" data-end=\"791\" \/><strong data-start=\"791\" data-end=\"805\">Alergeni:<\/strong> Nije uklju\u010deno<br data-start=\"821\" data-end=\"824\" \/><strong data-start=\"824\" data-end=\"843\">Neto sadr\u017eaj:<\/strong>\u00a0 250 g<br data-start=\"873\" data-end=\"876\" \/><strong data-start=\"876\" data-end=\"891\">Pakiranje:<\/strong> Pakirano u za\u0161titnoj atmosferi<\/p>\n<hr data-start=\"927\" data-end=\"930\" \/>\n<h2 data-start=\"932\" data-end=\"957\">\ud83d\udcca Nutritivne vrijednosti po 100 g<\/h2>\n<ul data-start=\"959\" data-end=\"1138\">\n<li data-start=\"959\" data-end=\"990\">\n<p data-start=\"961\" data-end=\"990\">Energetska vrijednost: 2966 kJ \/ 717 kcal<\/p>\n<\/li>\n<li data-start=\"991\" data-end=\"1047\">\n<p data-start=\"993\" data-end=\"1007\">Masti: 66,0 g<\/p>\n<ul data-start=\"1010\" data-end=\"1047\">\n<li data-start=\"1010\" data-end=\"1047\">\n<p data-start=\"1012\" data-end=\"1047\">od \u010dega zasi\u0107ene masne kiseline: 28 g<\/p>\n<\/li>\n<\/ul>\n<\/li>\n<li data-start=\"1048\" data-end=\"1102\">\n<p data-start=\"1050\" data-end=\"1074\">Ugljikohidrati: &lt; 0,5 g<\/p>\n<ul data-start=\"1077\" data-end=\"1102\">\n<li data-start=\"1077\" data-end=\"1102\">\n<p data-start=\"1079\" data-end=\"1102\">od \u010dega \u0161e\u0107eri: &lt; 0,5 g<\/p>\n<\/li>\n<\/ul>\n<\/li>\n<li data-start=\"1103\" data-end=\"1121\">\n<p data-start=\"1105\" data-end=\"1121\">Protein: 31,0 g<\/p>\n<\/li>\n<li data-start=\"1122\" data-end=\"1138\">\n<p data-start=\"1124\" data-end=\"1138\">Sol: 0,70 g<\/p>\n<\/li>\n<\/ul>\n<hr data-start=\"1140\" data-end=\"1143\" \/>\n<h2 data-start=\"1145\" data-end=\"1173\">\ud83e\uddca Skladi\u0161tenje i rok trajanja<\/h2>\n<p data-start=\"1175\" data-end=\"1292\" class=\"translation-block\">\u010cuvati na najvi\u0161oj temperaturi od +8 \u00b0C.<br data-start=\"1200\" data-end=\"1203\">Najbolje upotrijebiti do: vidi ambala\u017eu.<br data-start=\"1244\" data-end=\"1247\">Rok trajanja prema proizvo\u0111a\u010du: do 120 dana.<\/p>","protected":false},"excerpt":{"rendered":"<ul>\n<li>Austrijski proizvod napravljen prema staroj hrvatskoj tradiciji<\/li>\n<li>Cijena po komadu, pakiranje od 250 g<\/li>\n<\/ul>\n<p data-start=\"846\" data-end=\"888\">\ud83e\udd53 Tradicionalno kuhano i pre\u0161ano<\/p>\n<p data-start=\"891\" data-end=\"918\">\ud83d\udd25 Zlatno sme\u0111i i hrskavi<\/p>\n<p data-start=\"921\" data-end=\"957\">\ud83d\udcaa Jak, pun okus<\/p>\n<p data-start=\"960\" data-end=\"980\">\ud83e\uddc2 Savr\u0161eno za\u010dinjeno<\/p>\n<p data-start=\"983\" data-end=\"1021\">\ud83c\udf7a Savr\u0161eno kao u\u017eina uz pivo ili vino<\/p>\n<p data-start=\"1024\" data-end=\"1066\">\ud83e\udd56 Savr\u0161eno uz svje\u017ei kruh i luk<\/p>","protected":false},"featured_media":115345,"template":"","meta":{"_acf_changed":false,"inline_featured_image":false},"product_brand":[],"product_cat":[81],"product_tag":[95],"class_list":{"0":"post-90053","1":"product","2":"type-product","3":"status-publish","4":"has-post-thumbnail","6":"product_cat-schweinefleisch","7":"product_tag-nach-alt-kroatischer-tradition","9":"first","10":"instock","11":"taxable","12":"shipping-taxable","13":"purchasable","14":"product-type-simple"},"acf":[],"_links":{"self":[{"href":"https:\/\/www.simic-speck.at\/hr\/wp-json\/wp\/v2\/product\/90053","targetHints":{"allow":["GET"]}}],"collection":[{"href":"https:\/\/www.simic-speck.at\/hr\/wp-json\/wp\/v2\/product"}],"about":[{"href":"https:\/\/www.simic-speck.at\/hr\/wp-json\/wp\/v2\/types\/product"}],"wp:featuredmedia":[{"embeddable":true,"href":"https:\/\/www.simic-speck.at\/hr\/wp-json\/wp\/v2\/media\/115345"}],"wp:attachment":[{"href":"https:\/\/www.simic-speck.at\/hr\/wp-json\/wp\/v2\/media?parent=90053"}],"wp:term":[{"taxonomy":"product_brand","embeddable":true,"href":"https:\/\/www.simic-speck.at\/hr\/wp-json\/wp\/v2\/product_brand?post=90053"},{"taxonomy":"product_cat","embeddable":true,"href":"https:\/\/www.simic-speck.at\/hr\/wp-json\/wp\/v2\/product_cat?post=90053"},{"taxonomy":"product_tag","embeddable":true,"href":"https:\/\/www.simic-speck.at\/hr\/wp-json\/wp\/v2\/product_tag?post=90053"}],"curies":[{"name":"wp","href":"https:\/\/api.w.org\/{rel}","templated":true}]}}