{"id":87291,"date":"2024-12-09T15:07:45","date_gmt":"2024-12-09T14:07:45","guid":{"rendered":"https:\/\/www.simic-speck.at\/?post_type=product&#038;p=87291"},"modified":"2025-11-08T17:28:28","modified_gmt":"2025-11-08T16:28:28","slug":"kare-spek-karreespeck","status":"publish","type":"product","link":"https:\/\/www.simic-speck.at\/hr\/product\/kare-spek-karreespeck\/","title":{"rendered":"KARE SPEK \/ Karreespeck"},"content":{"rendered":"<div>\n<p><b>Austrijski proizvod napravljen prema staroj hrvatskoj tradiciji.<\/b><\/p>\n<p>Svinjska le\u0111a, za\u010dinjena odabranim za\u010dinima, dimljena na bukovini i su\u0161ena na zraku.<\/p>\n<h3>Sastojci:<\/h3>\n<ul>\n<li>Svinjetina<\/li>\n<li>Nitritna sol za su\u0161enje (kuhinjska sol, konzervans: E252)<\/li>\n<li>Nijodizirana morska sol<\/li>\n<li>\u010cesen<\/li>\n<li>\u0160e\u0107er<\/li>\n<\/ul>\n<\/div>","protected":false},"excerpt":{"rendered":"<ul>\n<li>Austrijski proizvod napravljen prema staroj hrvatskoj tradiciji<\/li>\n<li>Najbolje do 270 dana<\/li>\n<li>Cijena za ve\u0107e komade: 21,99 \u20ac\/kg<\/li>\n<li>Cijena za male komade: 22,99 \u20ac\/kg<\/li>\n<li>Napla\u0107uje vam se samo ono \u0161to dobijete<\/li>\n<\/ul>","protected":false},"featured_media":48609,"template":"","meta":{"_acf_changed":false,"inline_featured_image":false},"product_brand":[],"product_cat":[81],"product_tag":[95],"class_list":{"0":"post-87291","1":"product","2":"type-product","3":"status-publish","4":"has-post-thumbnail","6":"product_cat-schweinefleisch","7":"product_tag-nach-alt-kroatischer-tradition","9":"first","10":"instock","11":"taxable","12":"shipping-taxable","13":"purchasable","14":"product-type-variable","15":"has-default-attributes"},"acf":[],"_links":{"self":[{"href":"https:\/\/www.simic-speck.at\/hr\/wp-json\/wp\/v2\/product\/87291","targetHints":{"allow":["GET"]}}],"collection":[{"href":"https:\/\/www.simic-speck.at\/hr\/wp-json\/wp\/v2\/product"}],"about":[{"href":"https:\/\/www.simic-speck.at\/hr\/wp-json\/wp\/v2\/types\/product"}],"wp:featuredmedia":[{"embeddable":true,"href":"https:\/\/www.simic-speck.at\/hr\/wp-json\/wp\/v2\/media\/48609"}],"wp:attachment":[{"href":"https:\/\/www.simic-speck.at\/hr\/wp-json\/wp\/v2\/media?parent=87291"}],"wp:term":[{"taxonomy":"product_brand","embeddable":true,"href":"https:\/\/www.simic-speck.at\/hr\/wp-json\/wp\/v2\/product_brand?post=87291"},{"taxonomy":"product_cat","embeddable":true,"href":"https:\/\/www.simic-speck.at\/hr\/wp-json\/wp\/v2\/product_cat?post=87291"},{"taxonomy":"product_tag","embeddable":true,"href":"https:\/\/www.simic-speck.at\/hr\/wp-json\/wp\/v2\/product_tag?post=87291"}],"curies":[{"name":"wp","href":"https:\/\/api.w.org\/{rel}","templated":true}]}}