{"id":77824,"date":"2024-09-10T16:06:03","date_gmt":"2024-09-10T14:06:03","guid":{"rendered":"https:\/\/www.simic-speck.at\/?post_type=product&#038;p=77824"},"modified":"2025-11-12T10:45:25","modified_gmt":"2025-11-12T09:45:25","slug":"domaca-kobasica-blaga-pikante-rohwuerstel","status":"publish","type":"product","link":"https:\/\/www.simic-speck.at\/hr\/product\/domaca-kobasica-blaga-pikante-rohwuerstel\/","title":{"rendered":"DOMA\u0106A KOBASICA (blaga)\/ Pikante Rohw\u00fcrstel"},"content":{"rendered":"<p><b>Austrijski proizvod napravljen prema staroj hrvatskoj tradiciji.<\/b><\/p>\n<p><b><\/b>Za\u010dinjena sirova svinjska kobasica, pobolj\u0161ana i profinjena odabranim za\u010dinima, dimljena na bukovini i zraka\u0161ena.<\/p>\n<h3>Sastojci:<\/h3>\n<ul>\n<li>Svinjetina<\/li>\n<li>Nijodirana kuhinjska sol<\/li>\n<li>Slatka paprika<\/li>\n<li>Papar<\/li>\n<li>svje\u017ei \u010de\u0161njak<\/li>\n<\/ul>\n<h3>Nutritivne vrijednosti po 100 g<\/h3>\n<ul>\n<li class=\"translation-block\">Enerija: 1300 kj \/ 300 kcal<\/li>\n<li class=\"translation-block\">Masti: 10 g \u2013 od toga zasi\u0107ene masne kiseline 4,5 g<\/li>\n<li class=\"translation-block\">Ugljikohidrati: 0 \u2013 od toga \u0161e\u0107eri 0 g<\/li>\n<li class=\"translation-block\">Protein: 30 g<\/li>\n<li class=\"translation-block\">Sol: 5 g<\/li>\n<\/ul>","protected":false},"excerpt":{"rendered":"<ul>\n<li>Austrijski proizvod napravljen prema staroj hrvatskoj tradiciji<\/li>\n<li>Najbolje do 180 dana<\/li>\n<li>Cijena za ve\u0107e komade: 17,99 \u20ac\/kg<\/li>\n<li>Cijena za male komade: 18,99 \u20ac\/kg<\/li>\n<li>Pla\u0107ate samo ono \u0161to dobijete<\/li>\n<\/ul>","protected":false},"featured_media":48502,"template":"","meta":{"_acf_changed":false,"inline_featured_image":false},"product_brand":[],"product_cat":[81],"product_tag":[],"class_list":{"0":"post-77824","1":"product","2":"type-product","3":"status-publish","4":"has-post-thumbnail","6":"product_cat-schweinefleisch","8":"first","9":"instock","10":"taxable","11":"shipping-taxable","12":"purchasable","13":"product-type-variable","14":"has-default-attributes"},"acf":[],"_links":{"self":[{"href":"https:\/\/www.simic-speck.at\/hr\/wp-json\/wp\/v2\/product\/77824","targetHints":{"allow":["GET"]}}],"collection":[{"href":"https:\/\/www.simic-speck.at\/hr\/wp-json\/wp\/v2\/product"}],"about":[{"href":"https:\/\/www.simic-speck.at\/hr\/wp-json\/wp\/v2\/types\/product"}],"wp:featuredmedia":[{"embeddable":true,"href":"https:\/\/www.simic-speck.at\/hr\/wp-json\/wp\/v2\/media\/48502"}],"wp:attachment":[{"href":"https:\/\/www.simic-speck.at\/hr\/wp-json\/wp\/v2\/media?parent=77824"}],"wp:term":[{"taxonomy":"product_brand","embeddable":true,"href":"https:\/\/www.simic-speck.at\/hr\/wp-json\/wp\/v2\/product_brand?post=77824"},{"taxonomy":"product_cat","embeddable":true,"href":"https:\/\/www.simic-speck.at\/hr\/wp-json\/wp\/v2\/product_cat?post=77824"},{"taxonomy":"product_tag","embeddable":true,"href":"https:\/\/www.simic-speck.at\/hr\/wp-json\/wp\/v2\/product_tag?post=77824"}],"curies":[{"name":"wp","href":"https:\/\/api.w.org\/{rel}","templated":true}]}}