{"id":7434,"date":"2021-11-26T16:03:06","date_gmt":"2021-11-26T15:03:06","guid":{"rendered":"https:\/\/www.simic-speck.at\/?post_type=product&#038;p=7434"},"modified":"2026-04-13T22:44:04","modified_gmt":"2026-04-13T20:44:04","slug":"giesser-gilde-messer-set-3-teilig","status":"publish","type":"product","link":"https:\/\/www.simic-speck.at\/hr\/product\/giesser-gilde-messer-set-3-teilig\/","title":{"rendered":"Giesser (Gilde) 3-dijelni set no\u017eeva"},"content":{"rendered":"<h2><span dir=\"auto\" style=\"vertical-align: inherit;\"><span dir=\"auto\" style=\"vertical-align: inherit;\">Set no\u017eeva Gilde od 3 dijela<\/span><\/span><\/h2>\n<p class=\"translation-block\">Set no\u017eeva od 3 dijela iz Gilde uklju\u010duje no\u017e za rezanje s o\u0161tricom od 16 cm, no\u017e za ko\u0161tanje s o\u0161tricom od 13 cm i sjeka\u010d s o\u0161tricom od 21 cm.\nIzbor profesionalnih no\u017eeva u prakti\u010dnom setu za sve mesare!<\/p>\n<ul>\n<li>Visokosjajno polirano<\/li>\n<li>O\u0161trica izra\u0111ena od visokokvalitetnog krom-molibdenskog \u010delika, vakuumski kaljena na tvrdo\u0107u od 56\u201357 po Rockwellu.<\/li>\n<li>Visokosjajno polirana zavr\u0161na obrada za maksimalnu otpornost na hr\u0111u i zadr\u017eavanje o\u0161trine. Ru\u010dno bru\u0161en za savr\u0161enu o\u0161trinu.<\/li>\n<li>Standardna plasti\u010dna ru\u010dka izra\u0111ena od posebno neklizaju\u0107eg i prianjaju\u0107eg materijala (TPE)<\/li>\n<li>Dobro oblikovan za\u0161titni vrh osigurava siguran hvat i smanjuje rizik od klizanja ruke pri rukovanju no\u017eem.<\/li>\n<li>Plasticna ru\u010dka je sigurna za hranu.<\/li>\n<li>No\u017eevi su pogodni za pranje u perilici posu\u0111a.<\/li>\n<li>Me\u0111utim, radi za\u0161tite o\u0161trice, preporu\u010dujemo pranje ru\u010dno.<\/li>\n<\/ul>","protected":false},"excerpt":{"rendered":"<p>3-teiliges Gilde Messer-Set Das 3-teilige Messerset von Gilde umfasst ein Tranchiermesser mit 16 cm Klingenl\u00e4nge, ein Ausbeinmesser mit 13 cm Klingenl\u00e4nge und ein Hackmesser mit 21 cm Klingenl\u00e4nge. Ausgew\u00e4hlte Profimesser in einem praktischen Set f\u00fcr alle Metzger! Hochglanzpoliert Klinge aus hochwertigem Chrom-Molybd\u00e4n-Stahl, vakuumgeh\u00e4rtet auf eine H\u00e4rte von 56\u201357 Rockwell Hochglanzpolierte Oberfl\u00e4che f\u00fcr maximale Rostbest\u00e4ndigkeit und &#8230; <a title=\"Giesser (Gilde) 3-dijelni set no\u017eeva\" class=\"read-more\" href=\"https:\/\/www.simic-speck.at\/hr\/product\/giesser-gilde-messer-set-3-teilig\/\" aria-label=\"More on Giesser (Gilde) Messer-Set 3-teilig\">Op\u0161irnije<\/a><\/p>","protected":false},"featured_media":115478,"template":"","meta":{"_acf_changed":false,"inline_featured_image":false},"product_brand":[],"product_cat":[130],"product_tag":[95],"class_list":{"0":"post-7434","1":"product","2":"type-product","3":"status-publish","4":"has-post-thumbnail","6":"product_cat-sonstiges","7":"product_tag-nach-alt-kroatischer-tradition","9":"first","10":"instock","11":"taxable","12":"shipping-taxable","13":"purchasable","14":"product-type-simple"},"acf":[],"_links":{"self":[{"href":"https:\/\/www.simic-speck.at\/hr\/wp-json\/wp\/v2\/product\/7434","targetHints":{"allow":["GET"]}}],"collection":[{"href":"https:\/\/www.simic-speck.at\/hr\/wp-json\/wp\/v2\/product"}],"about":[{"href":"https:\/\/www.simic-speck.at\/hr\/wp-json\/wp\/v2\/types\/product"}],"wp:featuredmedia":[{"embeddable":true,"href":"https:\/\/www.simic-speck.at\/hr\/wp-json\/wp\/v2\/media\/115478"}],"wp:attachment":[{"href":"https:\/\/www.simic-speck.at\/hr\/wp-json\/wp\/v2\/media?parent=7434"}],"wp:term":[{"taxonomy":"product_brand","embeddable":true,"href":"https:\/\/www.simic-speck.at\/hr\/wp-json\/wp\/v2\/product_brand?post=7434"},{"taxonomy":"product_cat","embeddable":true,"href":"https:\/\/www.simic-speck.at\/hr\/wp-json\/wp\/v2\/product_cat?post=7434"},{"taxonomy":"product_tag","embeddable":true,"href":"https:\/\/www.simic-speck.at\/hr\/wp-json\/wp\/v2\/product_tag?post=7434"}],"curies":[{"name":"wp","href":"https:\/\/api.w.org\/{rel}","templated":true}]}}