{"id":3418,"date":"2021-10-04T12:54:03","date_gmt":"2021-10-04T10:54:03","guid":{"rendered":"https:\/\/9ac1e247-73ae-4bd8-b7b1-4eb962136b6e.h3.conves.io\/?post_type=product&#038;p=3418"},"modified":"2025-06-24T08:30:51","modified_gmt":"2025-06-24T06:30:51","slug":"suha-peka-od-slavonske-crne-svinje","status":"publish","type":"product","link":"https:\/\/www.simic-speck.at\/hr\/product\/suha-peka-od-slavonske-crne-svinje\/","title":{"rendered":"SUHA PEKA od Slavonskih Svinja \/ Laks Kare"},"content":{"rendered":"<p><b>Kroatisches Erzeugnis nach Alt-Kroatischer Tradition.<\/b><\/p>\n<p>Schweinekarreerose mit erlesenen Gew\u00fcrzen verarbeitet, \u00fcber Buchenholz ger\u00e4uchert und Luftgetrocknet.<\/p>","protected":false},"excerpt":{"rendered":"<ul>\n<li>Napravljeno prema staroj lokalnoj tradiciji<\/li>\n<li>SELJACKA PROIZVODNJA<\/li>\n<li>Hrvatski proizvod<\/li>\n<li>Najbolje do 180 dana<\/li>\n<li>Cijena po kg<\/li>\n<li>ca. 500g &#8211; 800g Packung<\/li>\n<\/ul>","protected":false},"featured_media":48909,"template":"","meta":{"_acf_changed":false,"inline_featured_image":false},"product_brand":[],"product_cat":[81],"product_tag":[124],"class_list":{"0":"post-3418","1":"product","2":"type-product","3":"status-publish","4":"has-post-thumbnail","6":"product_cat-schweinefleisch","7":"product_tag-kroatisches-produkt","9":"first","10":"outofstock","11":"taxable","12":"shipping-taxable","13":"purchasable","14":"product-type-simple"},"acf":[],"_links":{"self":[{"href":"https:\/\/www.simic-speck.at\/hr\/wp-json\/wp\/v2\/product\/3418","targetHints":{"allow":["GET"]}}],"collection":[{"href":"https:\/\/www.simic-speck.at\/hr\/wp-json\/wp\/v2\/product"}],"about":[{"href":"https:\/\/www.simic-speck.at\/hr\/wp-json\/wp\/v2\/types\/product"}],"wp:featuredmedia":[{"embeddable":true,"href":"https:\/\/www.simic-speck.at\/hr\/wp-json\/wp\/v2\/media\/48909"}],"wp:attachment":[{"href":"https:\/\/www.simic-speck.at\/hr\/wp-json\/wp\/v2\/media?parent=3418"}],"wp:term":[{"taxonomy":"product_brand","embeddable":true,"href":"https:\/\/www.simic-speck.at\/hr\/wp-json\/wp\/v2\/product_brand?post=3418"},{"taxonomy":"product_cat","embeddable":true,"href":"https:\/\/www.simic-speck.at\/hr\/wp-json\/wp\/v2\/product_cat?post=3418"},{"taxonomy":"product_tag","embeddable":true,"href":"https:\/\/www.simic-speck.at\/hr\/wp-json\/wp\/v2\/product_tag?post=3418"}],"curies":[{"name":"wp","href":"https:\/\/api.w.org\/{rel}","templated":true}]}}