{"id":3292,"date":"2021-10-04T12:30:52","date_gmt":"2021-10-04T10:30:52","guid":{"rendered":"https:\/\/9ac1e247-73ae-4bd8-b7b1-4eb962136b6e.h3.conves.io\/?post_type=product&#038;p=3292"},"modified":"2025-11-12T10:29:17","modified_gmt":"2025-11-12T09:29:17","slug":"buncek-koljenica-schweinsstelze","status":"publish","type":"product","link":"https:\/\/www.simic-speck.at\/hr\/product\/buncek-koljenica-schweinsstelze\/","title":{"rendered":"BUNCEK \/ KOLJENICA \/ Schweinsstelze"},"content":{"rendered":"<p><b>Austrijski proizvod napravljen prema staroj hrvatskoj tradiciji.<\/b><\/p>\n<p>Svinjska \u0161unka, utrljana mje\u0161avinom finih za\u010dina, dimljena na bukovini i pe\u010dena.<\/p>\n<div>\n<h3>Sastojci:<\/h3>\n<div>\n<div>\n<div>\n<div>\n<div>\n<div>\n<div>\n<div>\n<div>\n<ul>\n<li>Svinjetina<\/li>\n<li>Stabilizator: E451, E450<\/li>\n<li>Ekstrakti za\u010dina<\/li>\n<li>Glukoza<\/li>\n<li>Poja\u010diva\u010d okusa: E621<\/li>\n<li>Antioksidans: E301<\/li>\n<li>Bujon<\/li>\n<li>Aroma<\/li>\n<li>Konzervans: E250<\/li>\n<li>Kuhinjska sol<\/li>\n<\/ul>\n<\/div>\n<\/div>\n<\/div>\n<\/div>\n<h3>Nutritivne vrijednosti po 100 g<\/h3>\n<\/div>\n<\/div>\n<\/div>\n<\/div>\n<\/div>\n<\/div>\n<ul>\n<li class=\"translation-block\">Enerija: 805 kJ \/ 195 kcal<\/li>\n<li class=\"translation-block\">Masti: 15 g \u2013 od toga zasi\u0107ene masne kiseline 6,2 g<\/li>\n<li class=\"translation-block\">Ugljikohidrati: &lt;0,5 g \u2013 od toga \u0161e\u0107eri 0,5 g<\/li>\n<li class=\"translation-block\">Protein: 30 g<\/li>\n<li class=\"translation-block\">Natrij: 5,1 g<\/li>\n<\/ul>","protected":false},"excerpt":{"rendered":"<ul>\n<li>Austrijski proizvod napravljen prema staroj hrvatskoj tradiciji<\/li>\n<li>Napravljeno prema staroj lokalnoj tradiciji<\/li>\n<li>Cijena po kg<\/li>\n<li>\u0160ipke te\u017ee otprilike 1\u20131,5 kg.<\/li>\n<\/ul>","protected":false},"featured_media":48834,"template":"","meta":{"_acf_changed":false,"inline_featured_image":false},"product_brand":[],"product_cat":[81],"product_tag":[126],"class_list":{"0":"post-3292","1":"product","2":"type-product","3":"status-publish","4":"has-post-thumbnail","6":"product_cat-schweinefleisch","7":"product_tag-nach-alter-lokaler-tradition-hergestellt","9":"first","10":"instock","11":"taxable","12":"shipping-taxable","13":"purchasable","14":"product-type-simple"},"acf":[],"_links":{"self":[{"href":"https:\/\/www.simic-speck.at\/hr\/wp-json\/wp\/v2\/product\/3292","targetHints":{"allow":["GET"]}}],"collection":[{"href":"https:\/\/www.simic-speck.at\/hr\/wp-json\/wp\/v2\/product"}],"about":[{"href":"https:\/\/www.simic-speck.at\/hr\/wp-json\/wp\/v2\/types\/product"}],"wp:featuredmedia":[{"embeddable":true,"href":"https:\/\/www.simic-speck.at\/hr\/wp-json\/wp\/v2\/media\/48834"}],"wp:attachment":[{"href":"https:\/\/www.simic-speck.at\/hr\/wp-json\/wp\/v2\/media?parent=3292"}],"wp:term":[{"taxonomy":"product_brand","embeddable":true,"href":"https:\/\/www.simic-speck.at\/hr\/wp-json\/wp\/v2\/product_brand?post=3292"},{"taxonomy":"product_cat","embeddable":true,"href":"https:\/\/www.simic-speck.at\/hr\/wp-json\/wp\/v2\/product_cat?post=3292"},{"taxonomy":"product_tag","embeddable":true,"href":"https:\/\/www.simic-speck.at\/hr\/wp-json\/wp\/v2\/product_tag?post=3292"}],"curies":[{"name":"wp","href":"https:\/\/api.w.org\/{rel}","templated":true}]}}