{"id":3194,"date":"2021-10-04T11:52:08","date_gmt":"2021-10-04T09:52:08","guid":{"rendered":"https:\/\/9ac1e247-73ae-4bd8-b7b1-4eb962136b6e.h3.conves.io\/?post_type=product&#038;p=3194"},"modified":"2025-04-02T17:45:37","modified_gmt":"2025-04-02T15:45:37","slug":"kolibske-kobasice-huettenwurzen","status":"publish","type":"product","link":"https:\/\/www.simic-speck.at\/hr\/product\/kolibske-kobasice-huettenwurzen\/","title":{"rendered":"KOLIBSKE KOBASICE \/ H\u00dcTTENWURZEN"},"content":{"rendered":"<p>Dieses Naturprodukt aus 100% Rindfleisch wird nur mit den einfachsten Mitteln hergestellt:<\/p>\n<p>Gove\u0111e<br \/>\nSpeisesalz (unjodiert)<br \/>\nPapar<br \/>\nsvje\u017ei \u010de\u0161njak<br \/>\nEs sind KEINE weiteren Zutaten in der Wurst!<\/p>\n<p>Nat\u00fcrlicher geht es nicht: Natur pur!<\/p>\n<p>Die &#8222;puristische&#8220; H\u00fcttenwurzen wird \u00fcber Buchenholz ger\u00e4uchert und anschlie\u00dfend gut luftgetrocknet. Dadurch entwickelt sich ein deftiger, leicht pikanter Geschmack, der nicht nur Puristen \u00fcberzeugt!<\/p>\n<p>IN SCHWEINEDARM ABGEF\u00dcLLT.<\/p>","protected":false},"excerpt":{"rendered":"<ul>\n<li>Natur pur<\/li>\n<li>Cijena po kg<\/li>\n<li>ca. 350g Packung<\/li>\n<li>SVINJSKA CRJEVA \/ Schweinsdarm<\/li>\n<\/ul>","protected":false},"featured_media":48861,"template":"","meta":{"_acf_changed":false,"inline_featured_image":false},"product_brand":[],"product_cat":[81],"product_tag":[],"class_list":{"0":"post-3194","1":"product","2":"type-product","3":"status-publish","4":"has-post-thumbnail","6":"product_cat-schweinefleisch","8":"first","9":"outofstock","10":"taxable","11":"shipping-taxable","12":"purchasable","13":"product-type-simple"},"acf":[],"_links":{"self":[{"href":"https:\/\/www.simic-speck.at\/hr\/wp-json\/wp\/v2\/product\/3194","targetHints":{"allow":["GET"]}}],"collection":[{"href":"https:\/\/www.simic-speck.at\/hr\/wp-json\/wp\/v2\/product"}],"about":[{"href":"https:\/\/www.simic-speck.at\/hr\/wp-json\/wp\/v2\/types\/product"}],"wp:featuredmedia":[{"embeddable":true,"href":"https:\/\/www.simic-speck.at\/hr\/wp-json\/wp\/v2\/media\/48861"}],"wp:attachment":[{"href":"https:\/\/www.simic-speck.at\/hr\/wp-json\/wp\/v2\/media?parent=3194"}],"wp:term":[{"taxonomy":"product_brand","embeddable":true,"href":"https:\/\/www.simic-speck.at\/hr\/wp-json\/wp\/v2\/product_brand?post=3194"},{"taxonomy":"product_cat","embeddable":true,"href":"https:\/\/www.simic-speck.at\/hr\/wp-json\/wp\/v2\/product_cat?post=3194"},{"taxonomy":"product_tag","embeddable":true,"href":"https:\/\/www.simic-speck.at\/hr\/wp-json\/wp\/v2\/product_tag?post=3194"}],"curies":[{"name":"wp","href":"https:\/\/api.w.org\/{rel}","templated":true}]}}