{"id":3133,"date":"2021-10-04T11:40:22","date_gmt":"2021-10-04T09:40:22","guid":{"rendered":"https:\/\/9ac1e247-73ae-4bd8-b7b1-4eb962136b6e.h3.conves.io\/?post_type=product&#038;p=3133"},"modified":"2025-12-23T08:41:21","modified_gmt":"2025-12-23T07:41:21","slug":"cajna-kobasica-tee-rohwurst-ca-650g-packung","status":"publish","type":"product","link":"https:\/\/www.simic-speck.at\/hr\/product\/cajna-kobasica-tee-rohwurst-ca-650g-packung\/","title":{"rendered":"CAJNA KOBASICA \/ Tee Rohwurst"},"content":{"rendered":"<p><b>Austrijski proizvod napravljen prema staroj hrvatskoj tradiciji.<\/b><\/p>\n<p>Za\u010dinjena sirova kobasica od svinjetine i govedine, pobolj\u0161ana i profinjena odabranim za\u010dinima, dimljena na bukovini i zraka\u0161ena.<\/p>","protected":false},"excerpt":{"rendered":"<ul>\n<li>Austrijski proizvod napravljen prema staroj hrvatskoj tradiciji<\/li>\n<li>Najbolje do 180 dana<\/li>\n<li>Cijena: 19,99 \u20ac po kg<\/li>\n<li>Te\u017eina po pakiranju: pribli\u017eno 600 g<\/li>\n<li>Napla\u0107uje vam se samo ono \u0161to dobijete<\/li>\n<\/ul>","protected":false},"featured_media":48668,"template":"","meta":{"_acf_changed":false,"inline_featured_image":false},"product_brand":[],"product_cat":[81],"product_tag":[126],"class_list":{"0":"post-3133","1":"product","2":"type-product","3":"status-publish","4":"has-post-thumbnail","6":"product_cat-schweinefleisch","7":"product_tag-nach-alter-lokaler-tradition-hergestellt","9":"first","10":"instock","11":"taxable","12":"shipping-taxable","13":"purchasable","14":"product-type-simple"},"acf":[],"_links":{"self":[{"href":"https:\/\/www.simic-speck.at\/hr\/wp-json\/wp\/v2\/product\/3133","targetHints":{"allow":["GET"]}}],"collection":[{"href":"https:\/\/www.simic-speck.at\/hr\/wp-json\/wp\/v2\/product"}],"about":[{"href":"https:\/\/www.simic-speck.at\/hr\/wp-json\/wp\/v2\/types\/product"}],"wp:featuredmedia":[{"embeddable":true,"href":"https:\/\/www.simic-speck.at\/hr\/wp-json\/wp\/v2\/media\/48668"}],"wp:attachment":[{"href":"https:\/\/www.simic-speck.at\/hr\/wp-json\/wp\/v2\/media?parent=3133"}],"wp:term":[{"taxonomy":"product_brand","embeddable":true,"href":"https:\/\/www.simic-speck.at\/hr\/wp-json\/wp\/v2\/product_brand?post=3133"},{"taxonomy":"product_cat","embeddable":true,"href":"https:\/\/www.simic-speck.at\/hr\/wp-json\/wp\/v2\/product_cat?post=3133"},{"taxonomy":"product_tag","embeddable":true,"href":"https:\/\/www.simic-speck.at\/hr\/wp-json\/wp\/v2\/product_tag?post=3133"}],"curies":[{"name":"wp","href":"https:\/\/api.w.org\/{rel}","templated":true}]}}