{"id":3039,"date":"2021-10-04T11:30:14","date_gmt":"2021-10-04T09:30:14","guid":{"rendered":"https:\/\/9ac1e247-73ae-4bd8-b7b1-4eb962136b6e.h3.conves.io\/?post_type=product&#038;p=3039"},"modified":"2025-11-08T17:26:28","modified_gmt":"2025-11-08T16:26:28","slug":"suhi-vrat-sa-cesnjakom-knoblauchschopf","status":"publish","type":"product","link":"https:\/\/www.simic-speck.at\/hr\/product\/suhi-vrat-sa-cesnjakom-knoblauchschopf\/","title":{"rendered":"SUHI VRAT SA CESNJAKOM \/ Knoblauchschopf"},"content":{"rendered":"<div>\n<p><b>Austrijski proizvod napravljen prema staroj hrvatskoj tradiciji.<\/b><\/p>\n<p>Svinjska obra, za\u010dinjena odabranim za\u010dinima, dimljena na bukovini i su\u0161ena na zraku.<\/p>\n<h3>Sastojci:<\/h3>\n<ul>\n<li>Svinjetina<\/li>\n<li>Nitritna sol za su\u0161enje (kuhinjska sol, konzervans: E252)<\/li>\n<li>Nijodizirana morska sol<\/li>\n<li>\u010cesen<\/li>\n<li>\u0160e\u0107er<\/li>\n<\/ul>\n<\/div>\n<h3>Nutritivne vrijednosti po 100 g<\/h3>\n<ul>\n<li class=\"translation-block\">Enerija: 1290 kj \/ 300 kcal<\/li>\n<li class=\"translation-block\">Masti: 20 g \u2013 od toga zasi\u0107ene masne kiseline 8 g<\/li>\n<li class=\"translation-block\">Ugljikohidrati: &lt;0,5 g \u2013 od toga \u0161e\u0107eri 0,5 g<\/li>\n<li class=\"translation-block\">Protein: 30 g<\/li>\n<li class=\"translation-block\">Natrij: 5,1 g<\/li>\n<\/ul>","protected":false},"excerpt":{"rendered":"<ul>\n<li>Austrijski proizvod napravljen prema staroj hrvatskoj tradiciji<\/li>\n<li>Najbolje do 270 dana<\/li>\n<li>Preis gr\u00f6\u00dfere St\u00fccke 23,99 \u20ac\/kg<\/li>\n<li>Napla\u0107uje vam se samo ono \u0161to dobijete<\/li>\n<\/ul>","protected":false},"featured_media":48577,"template":"","meta":{"_acf_changed":false,"inline_featured_image":false},"product_brand":[],"product_cat":[81],"product_tag":[96,95,126],"class_list":{"0":"post-3039","1":"product","2":"type-product","3":"status-publish","4":"has-post-thumbnail","6":"product_cat-schweinefleisch","7":"product_tag-mhd-180-tage","8":"product_tag-nach-alt-kroatischer-tradition","9":"product_tag-nach-alter-lokaler-tradition-hergestellt","11":"first","12":"outofstock","13":"taxable","14":"shipping-taxable","15":"purchasable","16":"product-type-simple"},"acf":[],"_links":{"self":[{"href":"https:\/\/www.simic-speck.at\/hr\/wp-json\/wp\/v2\/product\/3039","targetHints":{"allow":["GET"]}}],"collection":[{"href":"https:\/\/www.simic-speck.at\/hr\/wp-json\/wp\/v2\/product"}],"about":[{"href":"https:\/\/www.simic-speck.at\/hr\/wp-json\/wp\/v2\/types\/product"}],"wp:featuredmedia":[{"embeddable":true,"href":"https:\/\/www.simic-speck.at\/hr\/wp-json\/wp\/v2\/media\/48577"}],"wp:attachment":[{"href":"https:\/\/www.simic-speck.at\/hr\/wp-json\/wp\/v2\/media?parent=3039"}],"wp:term":[{"taxonomy":"product_brand","embeddable":true,"href":"https:\/\/www.simic-speck.at\/hr\/wp-json\/wp\/v2\/product_brand?post=3039"},{"taxonomy":"product_cat","embeddable":true,"href":"https:\/\/www.simic-speck.at\/hr\/wp-json\/wp\/v2\/product_cat?post=3039"},{"taxonomy":"product_tag","embeddable":true,"href":"https:\/\/www.simic-speck.at\/hr\/wp-json\/wp\/v2\/product_tag?post=3039"}],"curies":[{"name":"wp","href":"https:\/\/api.w.org\/{rel}","templated":true}]}}