{"id":2916,"date":"2021-10-04T11:00:41","date_gmt":"2021-10-04T09:00:41","guid":{"rendered":"https:\/\/9ac1e247-73ae-4bd8-b7b1-4eb962136b6e.h3.conves.io\/?post_type=product&#038;p=2916"},"modified":"2025-04-02T17:47:32","modified_gmt":"2025-04-02T15:47:32","slug":"kaminske-kobasice-kaminwurzen-ca-350g-packung","status":"publish","type":"product","link":"https:\/\/www.simic-speck.at\/hr\/product\/kaminske-kobasice-kaminwurzen-ca-350g-packung\/","title":{"rendered":"KAMINSKE KOBASICE \/ Kaminwurzen"},"content":{"rendered":"<p>Durch die deftige R\u00e4ucherung mit 100% Buchenholz erh\u00e4lt die Kaminwurzen Ihre typisch dunkle rotbraune Farbe und den deftigen Geschmack. ohne Geschmacksverst\u00e4rker und Allergene nach Richtlinie 2007\/68\/EG.<\/p>\n<p>Die Kaminwurzen ist nat\u00fcrlich OHNE K\u00fchlung haltbar, daher auch ideal f\u00fcr Ausfl\u00fcge, Wanderungen und langandauernde Outdooraktivit\u00e4ten!<\/p>","protected":false},"excerpt":{"rendered":"<ul>\n<li>Cijena po kg<\/li>\n<li>Die Kaminwurzen sind im P\u00e4ckchen(4 St\u00fcck) zu ca.350g vakuumiert!<\/li>\n<li>Ohne Phosphatzus\u00e4tze<\/li>\n<li>Ohne Emulgatoren<\/li>\n<li>Ohne Farbstoffe<\/li>\n<li>Bez glutena<\/li>\n<li>Bez laktoze<\/li>\n<\/ul>","protected":false},"featured_media":48850,"template":"","meta":{"_acf_changed":false,"inline_featured_image":false},"product_brand":[],"product_cat":[81],"product_tag":[],"class_list":{"0":"post-2916","1":"product","2":"type-product","3":"status-publish","4":"has-post-thumbnail","6":"product_cat-schweinefleisch","8":"first","9":"outofstock","10":"taxable","11":"shipping-taxable","12":"purchasable","13":"product-type-simple"},"acf":[],"_links":{"self":[{"href":"https:\/\/www.simic-speck.at\/hr\/wp-json\/wp\/v2\/product\/2916","targetHints":{"allow":["GET"]}}],"collection":[{"href":"https:\/\/www.simic-speck.at\/hr\/wp-json\/wp\/v2\/product"}],"about":[{"href":"https:\/\/www.simic-speck.at\/hr\/wp-json\/wp\/v2\/types\/product"}],"wp:featuredmedia":[{"embeddable":true,"href":"https:\/\/www.simic-speck.at\/hr\/wp-json\/wp\/v2\/media\/48850"}],"wp:attachment":[{"href":"https:\/\/www.simic-speck.at\/hr\/wp-json\/wp\/v2\/media?parent=2916"}],"wp:term":[{"taxonomy":"product_brand","embeddable":true,"href":"https:\/\/www.simic-speck.at\/hr\/wp-json\/wp\/v2\/product_brand?post=2916"},{"taxonomy":"product_cat","embeddable":true,"href":"https:\/\/www.simic-speck.at\/hr\/wp-json\/wp\/v2\/product_cat?post=2916"},{"taxonomy":"product_tag","embeddable":true,"href":"https:\/\/www.simic-speck.at\/hr\/wp-json\/wp\/v2\/product_tag?post=2916"}],"curies":[{"name":"wp","href":"https:\/\/api.w.org\/{rel}","templated":true}]}}