{"id":2880,"date":"2021-10-04T10:48:42","date_gmt":"2021-10-04T08:48:42","guid":{"rendered":"https:\/\/9ac1e247-73ae-4bd8-b7b1-4eb962136b6e.h3.conves.io\/?post_type=product&#038;p=2880"},"modified":"2025-11-08T17:29:14","modified_gmt":"2025-11-08T16:29:14","slug":"cvarci-grammeln-500g","status":"publish","type":"product","link":"https:\/\/www.simic-speck.at\/hr\/product\/cvarci-grammeln-500g\/","title":{"rendered":"\u010cVARCI \/ Grammeln 500g"},"content":{"rendered":"<div>\n<p><b>Austrijski proizvod napravljen prema staroj hrvatskoj tradiciji.<\/b><\/p>\n<p>Svinjska potrbu\u0161ina za\u010dinjena odabranim za\u010dinima, dimljena na bukovini i su\u0161ena na zraku.<\/p>\n<h3>Sastojci:<\/h3>\n<ul>\n<li>Svinjska potrbu\u0161ina<\/li>\n<li>Sol<\/li>\n<\/ul>\n<h3>Nutritivne vrijednosti po 100 g<\/h3>\n<\/div>\n<ul>\n<li>Energetska vrijednost: 3254 kJ \/ 789 kcal<\/li>\n<li>Masti: 78 g \u2013 od toga zasi\u0107ene masti 39 g<\/li>\n<li>Ugljikohidrati: 0 \u2013 od toga \u0161e\u0107eri 0 g<\/li>\n<li>Protein: 21 g<\/li>\n<li>Sol: 1,5 g<\/li>\n<\/ul>","protected":false},"excerpt":{"rendered":"<ul>\n<li>Austrijski proizvod napravljen prema staroj hrvatskoj tradiciji<\/li>\n<li>Minimalna koli\u010dina narud\u017ebe: 1 komad<\/li>\n<li>Cijena po artiklu<\/li>\n<li>Pakiranje od 500 g<\/li>\n<\/ul>","protected":false},"featured_media":48600,"template":"","meta":{"_acf_changed":false,"inline_featured_image":false},"product_brand":[],"product_cat":[81],"product_tag":[95],"class_list":{"0":"post-2880","1":"product","2":"type-product","3":"status-publish","4":"has-post-thumbnail","6":"product_cat-schweinefleisch","7":"product_tag-nach-alt-kroatischer-tradition","9":"first","10":"instock","11":"taxable","12":"shipping-taxable","13":"purchasable","14":"product-type-simple"},"acf":[],"_links":{"self":[{"href":"https:\/\/www.simic-speck.at\/hr\/wp-json\/wp\/v2\/product\/2880","targetHints":{"allow":["GET"]}}],"collection":[{"href":"https:\/\/www.simic-speck.at\/hr\/wp-json\/wp\/v2\/product"}],"about":[{"href":"https:\/\/www.simic-speck.at\/hr\/wp-json\/wp\/v2\/types\/product"}],"wp:featuredmedia":[{"embeddable":true,"href":"https:\/\/www.simic-speck.at\/hr\/wp-json\/wp\/v2\/media\/48600"}],"wp:attachment":[{"href":"https:\/\/www.simic-speck.at\/hr\/wp-json\/wp\/v2\/media?parent=2880"}],"wp:term":[{"taxonomy":"product_brand","embeddable":true,"href":"https:\/\/www.simic-speck.at\/hr\/wp-json\/wp\/v2\/product_brand?post=2880"},{"taxonomy":"product_cat","embeddable":true,"href":"https:\/\/www.simic-speck.at\/hr\/wp-json\/wp\/v2\/product_cat?post=2880"},{"taxonomy":"product_tag","embeddable":true,"href":"https:\/\/www.simic-speck.at\/hr\/wp-json\/wp\/v2\/product_tag?post=2880"}],"curies":[{"name":"wp","href":"https:\/\/api.w.org\/{rel}","templated":true}]}}