{"id":2787,"date":"2021-10-04T09:56:19","date_gmt":"2021-10-04T07:56:19","guid":{"rendered":"https:\/\/9ac1e247-73ae-4bd8-b7b1-4eb962136b6e.h3.conves.io\/?post_type=product&#038;p=2787"},"modified":"2025-12-19T14:34:00","modified_gmt":"2025-12-19T13:34:00","slug":"suha-peka-leichter-karreeschinken","status":"publish","type":"product","link":"https:\/\/www.simic-speck.at\/hr\/product\/suha-peka-leichter-karreeschinken\/","title":{"rendered":"SUHA PEKA \/ Leichter Karreeschinken"},"content":{"rendered":"<div>\n<p><b>Austrijski proizvod napravljen prema staroj hrvatskoj tradiciji.<\/b><\/p>\n<p>Svinjska le\u0111a, za\u010dinjena odabranim za\u010dinima, dimljena na bukovini i su\u0161ena na zraku.<\/p>\n<h3>Sastojci:<\/h3>\n<ul>\n<li>Svinjetina<\/li>\n<li>Nitritna sol za su\u0161enje (kuhinjska sol, konzervans: E252)<\/li>\n<li>Nijodizirana morska sol<\/li>\n<li>\u010cesen<\/li>\n<li>\u0160e\u0107er<\/li>\n<\/ul>\n<\/div>\n<h3>Nutritivne vrijednosti po 100 g<\/h3>\n<ul>\n<li>Energetska vrijednost: 700 kJ \/ 150 kcal<\/li>\n<li>Masti: 5 g \u2013 od toga zasi\u0107ene masne kiseline 2 g<\/li>\n<li class=\"translation-block\">Ugljikohidrati: &lt;0,5 g \u2013 od toga \u0161e\u0107eri 0,5 g<\/li>\n<li class=\"translation-block\">Protein: 30 g<\/li>\n<li class=\"translation-block\">Natrij: 5,1 g<\/li>\n<\/ul>","protected":false},"excerpt":{"rendered":"<ul>\n<li>Austrijski proizvod napravljen prema staroj hrvatskoj tradiciji<\/li>\n<li>Najbolje do 270 dana<\/li>\n<li>Cijena za ve\u0107e komade: 21,99 \u20ac\/kg<\/li>\n<li>Cijena za male komade: 22,99 \u20ac\/kg<\/li>\n<li>Napla\u0107uje vam se samo ono \u0161to dobijete<\/li>\n<\/ul>","protected":false},"featured_media":48542,"template":"","meta":{"_acf_changed":false,"inline_featured_image":false},"product_brand":[],"product_cat":[81],"product_tag":[95],"class_list":{"0":"post-2787","1":"product","2":"type-product","3":"status-publish","4":"has-post-thumbnail","6":"product_cat-schweinefleisch","7":"product_tag-nach-alt-kroatischer-tradition","9":"first","10":"instock","11":"taxable","12":"shipping-taxable","13":"purchasable","14":"product-type-variable","15":"has-default-attributes"},"acf":[],"_links":{"self":[{"href":"https:\/\/www.simic-speck.at\/hr\/wp-json\/wp\/v2\/product\/2787","targetHints":{"allow":["GET"]}}],"collection":[{"href":"https:\/\/www.simic-speck.at\/hr\/wp-json\/wp\/v2\/product"}],"about":[{"href":"https:\/\/www.simic-speck.at\/hr\/wp-json\/wp\/v2\/types\/product"}],"wp:featuredmedia":[{"embeddable":true,"href":"https:\/\/www.simic-speck.at\/hr\/wp-json\/wp\/v2\/media\/48542"}],"wp:attachment":[{"href":"https:\/\/www.simic-speck.at\/hr\/wp-json\/wp\/v2\/media?parent=2787"}],"wp:term":[{"taxonomy":"product_brand","embeddable":true,"href":"https:\/\/www.simic-speck.at\/hr\/wp-json\/wp\/v2\/product_brand?post=2787"},{"taxonomy":"product_cat","embeddable":true,"href":"https:\/\/www.simic-speck.at\/hr\/wp-json\/wp\/v2\/product_cat?post=2787"},{"taxonomy":"product_tag","embeddable":true,"href":"https:\/\/www.simic-speck.at\/hr\/wp-json\/wp\/v2\/product_tag?post=2787"}],"curies":[{"name":"wp","href":"https:\/\/api.w.org\/{rel}","templated":true}]}}