{"id":2776,"date":"2021-10-04T09:52:03","date_gmt":"2021-10-04T07:52:03","guid":{"rendered":"https:\/\/9ac1e247-73ae-4bd8-b7b1-4eb962136b6e.h3.conves.io\/?post_type=product&#038;p=2776"},"modified":"2026-03-25T17:21:02","modified_gmt":"2026-03-25T16:21:02","slug":"suhi-lungic-schweinefiletspeck","status":"publish","type":"product","link":"https:\/\/www.simic-speck.at\/hr\/product\/suhi-lungic-schweinefiletspeck\/","title":{"rendered":"SUHI LUNGI\u0106 \/ Schweinefiletspeck"},"content":{"rendered":"<div>\n<p><strong>Austrijski proizvod napravljen prema staroj hrvatskoj tradiciji.<\/strong><\/p>\n<p>Svje\u017ei svinjski file za\u010dinjen odabranim za\u010dinima, dimljen hrastovim drvetom i zrakan na zraku.<\/p>\n<h3>Sastojci<\/h3>\n<ul>\n<li>Svinjetina<\/li>\n<li>Nitritna sol za su\u0161enje (kuhinjska sol, konzervans: E252)<\/li>\n<li>Nijodizirana morska sol<\/li>\n<li>\u010cesen<\/li>\n<li>\u0160e\u0107er<\/li>\n<\/ul>\n<\/div>\n<h3>Nutritivne vrijednosti po 100 g<\/h3>\n<ul>\n<li class=\"translation-block\">Enerija: 900 kj \/ 210 kcal<\/li>\n<li class=\"translation-block\">Masti: 7 g \u2013 od toga zasi\u0107ene masne kiseline 5 g<\/li>\n<li class=\"translation-block\">Ugljikohidrati: &lt;0,5 g \u2013 od toga \u0161e\u0107eri 0,5 g<\/li>\n<li class=\"translation-block\">Protein: 35 g<\/li>\n<li class=\"translation-block\">Natrij: 5,1 g<\/li>\n<\/ul>","protected":false},"excerpt":{"rendered":"<ul>\n<li>Austrijski proizvod napravljen prema staroj hrvatskoj tradiciji<\/li>\n<li>Najbolje do 270 dana<\/li>\n<li>Cijena: 35,99 \u20ac po kg<\/li>\n<li>Napla\u0107uje vam se samo ono \u0161to dobijete<\/li>\n<li>Pakirano u porcije od pribli\u017eno 250 g \u2013 400 g<\/li>\n<\/ul>","protected":false},"featured_media":48714,"template":"","meta":{"_acf_changed":false,"inline_featured_image":false},"product_brand":[],"product_cat":[81],"product_tag":[],"class_list":{"0":"post-2776","1":"product","2":"type-product","3":"status-publish","4":"has-post-thumbnail","6":"product_cat-schweinefleisch","8":"first","9":"instock","10":"taxable","11":"shipping-taxable","12":"purchasable","13":"product-type-simple"},"acf":[],"_links":{"self":[{"href":"https:\/\/www.simic-speck.at\/hr\/wp-json\/wp\/v2\/product\/2776","targetHints":{"allow":["GET"]}}],"collection":[{"href":"https:\/\/www.simic-speck.at\/hr\/wp-json\/wp\/v2\/product"}],"about":[{"href":"https:\/\/www.simic-speck.at\/hr\/wp-json\/wp\/v2\/types\/product"}],"wp:featuredmedia":[{"embeddable":true,"href":"https:\/\/www.simic-speck.at\/hr\/wp-json\/wp\/v2\/media\/48714"}],"wp:attachment":[{"href":"https:\/\/www.simic-speck.at\/hr\/wp-json\/wp\/v2\/media?parent=2776"}],"wp:term":[{"taxonomy":"product_brand","embeddable":true,"href":"https:\/\/www.simic-speck.at\/hr\/wp-json\/wp\/v2\/product_brand?post=2776"},{"taxonomy":"product_cat","embeddable":true,"href":"https:\/\/www.simic-speck.at\/hr\/wp-json\/wp\/v2\/product_cat?post=2776"},{"taxonomy":"product_tag","embeddable":true,"href":"https:\/\/www.simic-speck.at\/hr\/wp-json\/wp\/v2\/product_tag?post=2776"}],"curies":[{"name":"wp","href":"https:\/\/api.w.org\/{rel}","templated":true}]}}