{"id":2715,"date":"2021-10-04T09:36:12","date_gmt":"2021-10-04T07:36:12","guid":{"rendered":"https:\/\/9ac1e247-73ae-4bd8-b7b1-4eb962136b6e.h3.conves.io\/?post_type=product&#038;p=2715"},"modified":"2026-04-13T22:25:11","modified_gmt":"2026-04-13T20:25:11","slug":"kulenova-seka","status":"publish","type":"product","link":"https:\/\/www.simic-speck.at\/hr\/product\/kulenova-seka\/","title":{"rendered":"KULENOVA SEKA (blaga) \/ pikante Rohwurst ca. 600g"},"content":{"rendered":"<div>\n<h3><b>Sastojci:<\/b><\/h3>\n<div>\n<div>\n<div>\n<div>\n<div>Svinjetina<\/div>\n<div>Kuhinjska sol \/ Sol za dimljenje s nitritom<\/div>\n<div>Slatka paprika i ljuta paprika<\/div>\n<div>svje\u017ei \u010de\u0161njak<\/div>\n<\/div>\n<\/div>\n<\/div>\n<\/div>\n<\/div>\n<h3><b>Nutritivne vrijednosti po 100 g<\/b><\/h3>\n<p>Energetska vrijednost: 1300 kJ \/ 300 kcal<br \/>\nMasti: 10 g \u2013 od toga zasi\u0107ene masti 4,5 g<br \/>\nUgljikohidrati: 0 \u2013 od toga \u0161e\u0107eri 0 g<br \/>\nProtein: 30 g<br \/>\nSol: 5 g<\/p>\n<p><b>Austrijski proizvod napravljen prema staroj hrvatskoj tradiciji.<\/b><\/p>\n<p>Svinjsko meso za\u010dinjeno s odabranim za\u010dinima po starim tradicijama na bukovini dimljen i su\u0161en na zraku.<\/p>","protected":false},"excerpt":{"rendered":"<ul>\n<li>Austrijski proizvod napravljen prema staroj hrvatskoj tradiciji<\/li>\n<li>Najbolje do 180 dana<\/li>\n<li>Cijena: 11,99 \u20ac po komadu (otprilike 600 g)<\/li>\n<li>Napla\u0107uje vam se samo ono \u0161to dobijete<\/li>\n<\/ul>","protected":false},"featured_media":48411,"template":"","meta":{"_acf_changed":false,"inline_featured_image":false},"product_brand":[],"product_cat":[81],"product_tag":[96,95],"class_list":{"0":"post-2715","1":"product","2":"type-product","3":"status-publish","4":"has-post-thumbnail","6":"product_cat-schweinefleisch","7":"product_tag-mhd-180-tage","8":"product_tag-nach-alt-kroatischer-tradition","10":"first","11":"instock","12":"taxable","13":"shipping-taxable","14":"purchasable","15":"product-type-simple"},"acf":[],"_links":{"self":[{"href":"https:\/\/www.simic-speck.at\/hr\/wp-json\/wp\/v2\/product\/2715","targetHints":{"allow":["GET"]}}],"collection":[{"href":"https:\/\/www.simic-speck.at\/hr\/wp-json\/wp\/v2\/product"}],"about":[{"href":"https:\/\/www.simic-speck.at\/hr\/wp-json\/wp\/v2\/types\/product"}],"wp:featuredmedia":[{"embeddable":true,"href":"https:\/\/www.simic-speck.at\/hr\/wp-json\/wp\/v2\/media\/48411"}],"wp:attachment":[{"href":"https:\/\/www.simic-speck.at\/hr\/wp-json\/wp\/v2\/media?parent=2715"}],"wp:term":[{"taxonomy":"product_brand","embeddable":true,"href":"https:\/\/www.simic-speck.at\/hr\/wp-json\/wp\/v2\/product_brand?post=2715"},{"taxonomy":"product_cat","embeddable":true,"href":"https:\/\/www.simic-speck.at\/hr\/wp-json\/wp\/v2\/product_cat?post=2715"},{"taxonomy":"product_tag","embeddable":true,"href":"https:\/\/www.simic-speck.at\/hr\/wp-json\/wp\/v2\/product_tag?post=2715"}],"curies":[{"name":"wp","href":"https:\/\/api.w.org\/{rel}","templated":true}]}}