{"id":2632,"date":"2021-10-04T08:53:33","date_gmt":"2021-10-04T06:53:33","guid":{"rendered":"https:\/\/9ac1e247-73ae-4bd8-b7b1-4eb962136b6e.h3.conves.io\/?post_type=product&#038;p=2632"},"modified":"2026-04-13T19:52:15","modified_gmt":"2026-04-13T17:52:15","slug":"govedja-peka-getrocknetes-rindfleisch-2","status":"publish","type":"product","link":"https:\/\/www.simic-speck.at\/hr\/product\/govedja-peka-getrocknetes-rindfleisch-2\/","title":{"rendered":"GOVE\u0110A PEKA PREMIUM \/ getrocknetes Rindfleisch"},"content":{"rendered":"<p>Govedina za\u010dinjena odabranim za\u010dinima, dimljena na bukovini i su\u0161ena na zraku.<br \/>\n<strong>Sastojci<\/strong>: Govedina, kuhinj\u0441\u043a\u0430 sol, konzervans (E250).<\/p>\n<ul>\n<li>Prosje\u010dne nutritivne vrijednosti po 100 g<\/li>\n<li>Energetska vrijednost: 1172 kJ \/ 280 kcal<\/li>\n<li>Masti: 13,4 g \u2013 od toga zasi\u0107ene masti 6,7 g<\/li>\n<li>Ugljikohidrati: 0 \u2013 od toga \u0161e\u0107eri 0 g<\/li>\n<li>Protein: 39,6 g<\/li>\n<li>Sol: 7 g<\/li>\n<\/ul>","protected":false},"excerpt":{"rendered":"<ul>\n<li>Cijena po kg<\/li>\n<li>U staroj jugoslavenskoj tradiciji<\/li>\n<\/ul>","protected":false},"featured_media":49018,"template":"","meta":{"_acf_changed":false,"inline_featured_image":false},"product_brand":[],"product_cat":[83],"product_tag":[],"class_list":{"0":"post-2632","1":"product","2":"type-product","3":"status-publish","4":"has-post-thumbnail","6":"product_cat-rindfleisch","8":"first","9":"instock","10":"taxable","11":"shipping-taxable","12":"purchasable","13":"product-type-simple"},"acf":[],"_links":{"self":[{"href":"https:\/\/www.simic-speck.at\/hr\/wp-json\/wp\/v2\/product\/2632","targetHints":{"allow":["GET"]}}],"collection":[{"href":"https:\/\/www.simic-speck.at\/hr\/wp-json\/wp\/v2\/product"}],"about":[{"href":"https:\/\/www.simic-speck.at\/hr\/wp-json\/wp\/v2\/types\/product"}],"wp:featuredmedia":[{"embeddable":true,"href":"https:\/\/www.simic-speck.at\/hr\/wp-json\/wp\/v2\/media\/49018"}],"wp:attachment":[{"href":"https:\/\/www.simic-speck.at\/hr\/wp-json\/wp\/v2\/media?parent=2632"}],"wp:term":[{"taxonomy":"product_brand","embeddable":true,"href":"https:\/\/www.simic-speck.at\/hr\/wp-json\/wp\/v2\/product_brand?post=2632"},{"taxonomy":"product_cat","embeddable":true,"href":"https:\/\/www.simic-speck.at\/hr\/wp-json\/wp\/v2\/product_cat?post=2632"},{"taxonomy":"product_tag","embeddable":true,"href":"https:\/\/www.simic-speck.at\/hr\/wp-json\/wp\/v2\/product_tag?post=2632"}],"curies":[{"name":"wp","href":"https:\/\/api.w.org\/{rel}","templated":true}]}}