{"id":1959,"date":"2021-09-29T20:33:48","date_gmt":"2021-09-29T18:33:48","guid":{"rendered":"https:\/\/9ac1e247-73ae-4bd8-b7b1-4eb962136b6e.h3.conves.io\/?post_type=product&#038;p=1959"},"modified":"2025-12-03T08:26:55","modified_gmt":"2025-12-03T07:26:55","slug":"cajna-govedja-rindsteerohwurst-ca-500g-packung","status":"publish","type":"product","link":"https:\/\/www.simic-speck.at\/hr\/product\/cajna-govedja-rindsteerohwurst-ca-500g-packung\/","title":{"rendered":"\u010cAJNA GOVEDJA \/ Rindsteerohwurst"},"content":{"rendered":"<p>Sirova gove\u0111a kobasica, pakiranje od pribli\u017eno 500 g \u2013 austrijski proizvod napravljen prema staroj hrvatskoj tradiciji.<\/p>\n<p>Za\u010dinjena sirova gove\u0111a kobasica, pobolj\u0161ana i profinjena odabranim za\u010dinima, dimljena na bukovini i su\u0161ena na zraku.<\/p>","protected":false},"excerpt":{"rendered":"<ul>\n<li>Cijena po kg<\/li>\n<li>U staroj jugoslavenskoj tradiciji<\/li>\n<\/ul>","protected":false},"featured_media":49046,"template":"","meta":{"_acf_changed":false,"inline_featured_image":false},"product_brand":[],"product_cat":[83],"product_tag":[],"class_list":{"0":"post-1959","1":"product","2":"type-product","3":"status-publish","4":"has-post-thumbnail","6":"product_cat-rindfleisch","8":"first","9":"instock","10":"taxable","11":"shipping-taxable","12":"purchasable","13":"product-type-simple"},"acf":[],"_links":{"self":[{"href":"https:\/\/www.simic-speck.at\/hr\/wp-json\/wp\/v2\/product\/1959","targetHints":{"allow":["GET"]}}],"collection":[{"href":"https:\/\/www.simic-speck.at\/hr\/wp-json\/wp\/v2\/product"}],"about":[{"href":"https:\/\/www.simic-speck.at\/hr\/wp-json\/wp\/v2\/types\/product"}],"wp:featuredmedia":[{"embeddable":true,"href":"https:\/\/www.simic-speck.at\/hr\/wp-json\/wp\/v2\/media\/49046"}],"wp:attachment":[{"href":"https:\/\/www.simic-speck.at\/hr\/wp-json\/wp\/v2\/media?parent=1959"}],"wp:term":[{"taxonomy":"product_brand","embeddable":true,"href":"https:\/\/www.simic-speck.at\/hr\/wp-json\/wp\/v2\/product_brand?post=1959"},{"taxonomy":"product_cat","embeddable":true,"href":"https:\/\/www.simic-speck.at\/hr\/wp-json\/wp\/v2\/product_cat?post=1959"},{"taxonomy":"product_tag","embeddable":true,"href":"https:\/\/www.simic-speck.at\/hr\/wp-json\/wp\/v2\/product_tag?post=1959"}],"curies":[{"name":"wp","href":"https:\/\/api.w.org\/{rel}","templated":true}]}}