{"id":1908,"date":"2021-10-04T09:17:19","date_gmt":"2021-10-04T07:17:19","guid":{"rendered":"https:\/\/9ac1e247-73ae-4bd8-b7b1-4eb962136b6e.h3.conves.io\/?post_type=product&#038;p=1908"},"modified":"2025-11-08T17:19:38","modified_gmt":"2025-11-08T16:19:38","slug":"spek-domaca-slanina-bauchspeck","status":"publish","type":"product","link":"https:\/\/www.simic-speck.at\/hr\/product\/spek-domaca-slanina-bauchspeck\/","title":{"rendered":"SPEK \/ DOMACA SLANINA \/ Bauchspeck"},"content":{"rendered":"<h3>Sastojci<\/h3>\n<p>Schweinefleisch Nitritp\u00f6kelsalz (Speisesalz, Konservierungsmittel: E252) Meersalz Unjodiert Knoblauch Zucker<\/p>\n<h3>Nutritivne vrijednosti po 100 g<\/h3>\n<p>Energie: 1480 kj \/ 380 kcal Fett: 35 g &#8211; davon ges\u00e4ttigte Fetts\u00e4uren 14 g Kohlenhydrate: &lt;0,5 g -davon Zucker 0,5 g Eiwei\u00df: 25 g Salz: 5,1 g<\/p>\n<h3>Austrijski proizvod napravljen prema staroj hrvatskoj tradiciji.<\/h3>\n<p>Svinjska potrbu\u0161ina za\u010dinjena odabranim za\u010dinima, dimljena na bukovini i su\u0161ena na zraku.<\/p>","protected":false},"excerpt":{"rendered":"<ul>\n<li>Austrijski proizvod napravljen prema staroj hrvatskoj tradiciji<\/li>\n<li>Najbolje do 270 dana<\/li>\n<li>Cijena za ve\u0107e komade: 17,99 \u20ac\/kg<\/li>\n<li>Preis kleine St\u00fccke 18,99 \u20ac\/kg<\/li>\n<li>Napla\u0107uje vam se samo ono \u0161to dobijete<\/li>\n<\/ul>","protected":false},"featured_media":48347,"template":"","meta":{"_acf_changed":false,"inline_featured_image":false},"product_brand":[],"product_cat":[81],"product_tag":[96,95],"class_list":{"0":"post-1908","1":"product","2":"type-product","3":"status-publish","4":"has-post-thumbnail","6":"product_cat-schweinefleisch","7":"product_tag-mhd-180-tage","8":"product_tag-nach-alt-kroatischer-tradition","10":"first","11":"instock","12":"taxable","13":"shipping-taxable","14":"purchasable","15":"product-type-variable","16":"has-default-attributes"},"acf":[],"_links":{"self":[{"href":"https:\/\/www.simic-speck.at\/hr\/wp-json\/wp\/v2\/product\/1908","targetHints":{"allow":["GET"]}}],"collection":[{"href":"https:\/\/www.simic-speck.at\/hr\/wp-json\/wp\/v2\/product"}],"about":[{"href":"https:\/\/www.simic-speck.at\/hr\/wp-json\/wp\/v2\/types\/product"}],"wp:featuredmedia":[{"embeddable":true,"href":"https:\/\/www.simic-speck.at\/hr\/wp-json\/wp\/v2\/media\/48347"}],"wp:attachment":[{"href":"https:\/\/www.simic-speck.at\/hr\/wp-json\/wp\/v2\/media?parent=1908"}],"wp:term":[{"taxonomy":"product_brand","embeddable":true,"href":"https:\/\/www.simic-speck.at\/hr\/wp-json\/wp\/v2\/product_brand?post=1908"},{"taxonomy":"product_cat","embeddable":true,"href":"https:\/\/www.simic-speck.at\/hr\/wp-json\/wp\/v2\/product_cat?post=1908"},{"taxonomy":"product_tag","embeddable":true,"href":"https:\/\/www.simic-speck.at\/hr\/wp-json\/wp\/v2\/product_tag?post=1908"}],"curies":[{"name":"wp","href":"https:\/\/api.w.org\/{rel}","templated":true}]}}