{"id":115330,"date":"2026-02-17T09:47:28","date_gmt":"2026-02-17T08:47:28","guid":{"rendered":"https:\/\/www.simic-speck.at\/?post_type=product&#038;p=115330"},"modified":"2026-02-17T10:03:21","modified_gmt":"2026-02-17T09:03:21","slug":"livanjski-sir-1-8-300-350-g-komadi-per-kg-2299e","status":"publish","type":"product","link":"https:\/\/www.simic-speck.at\/hr\/product\/livanjski-sir-1-8-300-350-g-komadi-per-kg-2299e\/","title":{"rendered":"LIVANJSKI SIR 1\/8 | 300-350 g komadi (per kg 22,99\u20ac)"},"content":{"rendered":"<ul>\n<li data-start=\"694\" data-end=\"756\">\n<h2 data-start=\"134\" data-end=\"203\">\ud83c\udc27 Livanjski sir \u2013 punomasni tvrdi sir iz Bosne i Hercegovine<\/h2>\n<p data-start=\"205\" data-end=\"420\" class=\"translation-block\">Livanjski sir je tradicionalni, punomasni tvrdi sir iz Livna (Bosna i Hercegovina). Isti\u010de se sna\u017enom aromom, \u010dvrstom teksturom pogodnom za rezanje i prepoznatljivim okusom.<\/p>\n<p data-start=\"422\" data-end=\"593\">Napravljen od pasteriziranog mlijeka i pa\u017eljivo zreli, ovaj je sir idealan za sirne plo\u010de, za gratinirana jela ili jednostavno sam sa svje\u017eim kruhom i \u010da\u0161om vina.<\/p>\n<hr data-start=\"595\" data-end=\"598\" \/>\n<h2 data-start=\"600\" data-end=\"626\">\ud83d\udccb Informacije o proizvodu<\/h2>\n<p data-start=\"628\" data-end=\"915\" class=\"translation-block\"><strong data-start=\"628\" data-end=\"651\">Naziv proizvoda:<\/strong> Cijeli tvrdi sir<br data-start=\"671\" data-end=\"674\"><strong data-start=\"674\" data-end=\"696\">Sadr\u017eaj masti u suhoj tvari: najmanje 45%<br data-start=\"712\" data-end=\"715\"><strong data-start=\"715\" data-end=\"728\">Porijeklo:<\/strong> Bosna i Hercegovina<br data-start=\"752\" data-end=\"755\"><strong data-start=\"755\" data-end=\"770\">Proizvo\u0111a\u010d:<\/strong> EKO SIR PUDA d.o.o., Livno<br data-start=\"797\" data-end=\"800\"><strong data-start=\"800\" data-end=\"813\">\u010cuvanje:<\/strong> \u010cuvati na +4 \u00b0C do +8 \u00b0C<br data-start=\"845\" data-end=\"848\"><strong data-start=\"848\" data-end=\"860\">Napomena:<\/strong> Kora nije jestiva \u2013 uklonite je prije konzumacije<\/p>\n<hr data-start=\"917\" data-end=\"920\" \/>\n<h2 data-start=\"922\" data-end=\"935\">\ud83e\udd5b Sastojci<\/h2>\n<p data-start=\"937\" data-end=\"1057\">Pasteurizirano mlijeko (sadr\u017ei laktozu), mlije\u010dne kulture, sol, kalcijev klorid, renin, konzervans: lizozim (iz jajeta).<\/p>\n<hr data-start=\"1059\" data-end=\"1062\" \/>\n<h2 data-start=\"1064\" data-end=\"1107\">\ud83d\udcca Prosje\u010dne nutritivne vrijednosti po 100 g<\/h2>\n<ul data-start=\"1109\" data-end=\"1299\">\n<li data-start=\"1109\" data-end=\"1144\">\n<p data-start=\"1111\" data-end=\"1144\" class=\"translation-block\"><strong data-start=\"1111\" data-end=\"1123\">Energetska vrijednost: 1891 kJ \/ 457 kcal<\/p>\n<\/li>\n<li data-start=\"1145\" data-end=\"1203\">\n<p data-start=\"1147\" data-end=\"1163\" class=\"translation-block\"><strong data-start=\"1147\" data-end=\"1156\">Fett: 40 g<\/p>\n<ul data-start=\"1166\" data-end=\"1203\">\n<li data-start=\"1166\" data-end=\"1203\">\n<p data-start=\"1168\" data-end=\"1203\">od \u010dega zasi\u0107ene masne kiseline: 25 g<\/p>\n<\/li>\n<\/ul>\n<\/li>\n<li data-start=\"1204\" data-end=\"1258\">\n<p data-start=\"1206\" data-end=\"1232\" class=\"translation-block\"><strong data-start=\"1206\" data-end=\"1224\">Ugljikohidrati: 0,7 g<\/p>\n<ul data-start=\"1235\" data-end=\"1258\">\n<li data-start=\"1235\" data-end=\"1258\">\n<p data-start=\"1237\" data-end=\"1258\">od \u010dega \u0161e\u0107er: 0,7 g<\/p>\n<\/li>\n<\/ul>\n<\/li>\n<li data-start=\"1259\" data-end=\"1279\">\n<p data-start=\"1261\" data-end=\"1279\" class=\"translation-block\"><strong data-start=\"1261\" data-end=\"1272\">Bjelan\u010devine: 24 g<\/p>\n<\/li>\n<li data-start=\"1280\" data-end=\"1299\">\n<p data-start=\"1282\" data-end=\"1299\" class=\"translation-block\"><strong data-start=\"1282\" data-end=\"1291\">Sol:<\/strong> 2,0 g<\/p>\n<\/li>\n<\/ul>\n<\/li>\n<\/ul>","protected":false},"excerpt":{"rendered":"<p data-start=\"696\" data-end=\"756\">\ud83e\uddc0 <strong data-start=\"699\" data-end=\"728\">Traditionelle Herstellung<\/strong> nach \u00fcberliefertem Rezept<\/p>\n<p data-start=\"759\" data-end=\"805\">\ud83d\udc04 <strong data-start=\"762\" data-end=\"803\">Aus hochwertiger Kuhmilch<\/strong><\/p>\n<p data-start=\"808\" data-end=\"857\">\u23f3 <strong data-start=\"810\" data-end=\"834\">Mehrmonatige Reifung<\/strong> f\u00fcr intensives Aroma<\/p>\n<p data-start=\"860\" data-end=\"920\">\ud83c\udf30 <strong data-start=\"863\" data-end=\"893\">Kr\u00e4ftig-w\u00fcrziger Geschmack<\/strong> mit leicht nussiger Note<\/p>\n<p data-start=\"923\" data-end=\"959\">\ud83d\udd2a <strong data-start=\"926\" data-end=\"957\">Feste, schnittf\u00e4hige Textur<\/strong><\/p>\n<p data-start=\"962\" data-end=\"1018\">\ud83c\udf77 Savr\u0161eno uz vino, pr\u0161ut, masline i svje\u017ei kruh<\/p>\n<p data-start=\"1021\" data-end=\"1084\">\ud83d\udd25 Savr\u0161eno za gratiniranje, ribanje ili u slanim jelima<\/p>","protected":false},"featured_media":115331,"template":"","meta":{"_acf_changed":false,"inline_featured_image":false},"product_brand":[],"product_cat":[58],"product_tag":[],"class_list":{"0":"post-115330","1":"product","2":"type-product","3":"status-publish","4":"has-post-thumbnail","6":"product_cat-kaese","8":"first","9":"instock","10":"taxable","11":"shipping-taxable","12":"purchasable","13":"product-type-simple"},"acf":[],"_links":{"self":[{"href":"https:\/\/www.simic-speck.at\/hr\/wp-json\/wp\/v2\/product\/115330","targetHints":{"allow":["GET"]}}],"collection":[{"href":"https:\/\/www.simic-speck.at\/hr\/wp-json\/wp\/v2\/product"}],"about":[{"href":"https:\/\/www.simic-speck.at\/hr\/wp-json\/wp\/v2\/types\/product"}],"wp:featuredmedia":[{"embeddable":true,"href":"https:\/\/www.simic-speck.at\/hr\/wp-json\/wp\/v2\/media\/115331"}],"wp:attachment":[{"href":"https:\/\/www.simic-speck.at\/hr\/wp-json\/wp\/v2\/media?parent=115330"}],"wp:term":[{"taxonomy":"product_brand","embeddable":true,"href":"https:\/\/www.simic-speck.at\/hr\/wp-json\/wp\/v2\/product_brand?post=115330"},{"taxonomy":"product_cat","embeddable":true,"href":"https:\/\/www.simic-speck.at\/hr\/wp-json\/wp\/v2\/product_cat?post=115330"},{"taxonomy":"product_tag","embeddable":true,"href":"https:\/\/www.simic-speck.at\/hr\/wp-json\/wp\/v2\/product_tag?post=115330"}],"curies":[{"name":"wp","href":"https:\/\/api.w.org\/{rel}","templated":true}]}}