{"id":10459,"date":"2022-01-03T13:27:02","date_gmt":"2022-01-03T12:27:02","guid":{"rendered":"https:\/\/www.simic-speck.at\/?post_type=product&#038;p=10459"},"modified":"2025-11-12T08:54:51","modified_gmt":"2025-11-12T07:54:51","slug":"sunka-bez-kosti-schinkenspeck","status":"publish","type":"product","link":"https:\/\/www.simic-speck.at\/hr\/product\/sunka-bez-kosti-schinkenspeck\/","title":{"rendered":"\u0160UNKA BEZ KOSTI \/ Schinkenspeck"},"content":{"rendered":"<div>\n<p><b>Austrijski proizvod napravljen prema staroj hrvatskoj tradiciji.<\/b><\/p>\n<p>Svinjska \u0161unka, za\u010dinjena odabranim za\u010dinima, dimljena na bukovini i su\u0161ena na zraku.<\/p>\n<h3>Sastojci:<\/h3>\n<ul>\n<li>Svinjetina<\/li>\n<li>Nitritna sol za su\u0161enje (kuhinjska sol, konzervans: E252)<\/li>\n<li>Nijodizirana morska sol<\/li>\n<li>\u010cesen<\/li>\n<li>\u0160e\u0107er<\/li>\n<\/ul>\n<\/div>\n<h3>Nutritivne vrijednosti po 100 g<\/h3>\n<ul>\n<li class=\"translation-block\">Enerija: 1290 kj \/ 300 kcal<\/li>\n<li class=\"translation-block\">Masti: 20 g \u2013 od toga zasi\u0107ene masne kiseline 8 g<\/li>\n<li class=\"translation-block\">Ugljikohidrati: &lt;0,5 g \u2013 od toga \u0161e\u0107eri 0,5 g<\/li>\n<li class=\"translation-block\">Protein: 30 g<\/li>\n<li class=\"translation-block\">Natrij: 5,1 g<\/li>\n<\/ul>","protected":false},"excerpt":{"rendered":"<ul>\n<li>Austrijski proizvod napravljen prema staroj hrvatskoj tradiciji<\/li>\n<li>Najbolje do 270 dana<\/li>\n<li>Cijena: 21,99 \u20ac po kg<\/li>\n<li>Napla\u0107uje vam se samo ono \u0161to dobijete<\/li>\n<\/ul>","protected":false},"featured_media":48624,"template":"","meta":{"_acf_changed":false,"inline_featured_image":false},"product_brand":[],"product_cat":[81],"product_tag":[95,126],"class_list":{"0":"post-10459","1":"product","2":"type-product","3":"status-publish","4":"has-post-thumbnail","6":"product_cat-schweinefleisch","7":"product_tag-nach-alt-kroatischer-tradition","8":"product_tag-nach-alter-lokaler-tradition-hergestellt","10":"first","11":"instock","12":"taxable","13":"shipping-taxable","14":"purchasable","15":"product-type-simple"},"acf":[],"_links":{"self":[{"href":"https:\/\/www.simic-speck.at\/hr\/wp-json\/wp\/v2\/product\/10459","targetHints":{"allow":["GET"]}}],"collection":[{"href":"https:\/\/www.simic-speck.at\/hr\/wp-json\/wp\/v2\/product"}],"about":[{"href":"https:\/\/www.simic-speck.at\/hr\/wp-json\/wp\/v2\/types\/product"}],"wp:featuredmedia":[{"embeddable":true,"href":"https:\/\/www.simic-speck.at\/hr\/wp-json\/wp\/v2\/media\/48624"}],"wp:attachment":[{"href":"https:\/\/www.simic-speck.at\/hr\/wp-json\/wp\/v2\/media?parent=10459"}],"wp:term":[{"taxonomy":"product_brand","embeddable":true,"href":"https:\/\/www.simic-speck.at\/hr\/wp-json\/wp\/v2\/product_brand?post=10459"},{"taxonomy":"product_cat","embeddable":true,"href":"https:\/\/www.simic-speck.at\/hr\/wp-json\/wp\/v2\/product_cat?post=10459"},{"taxonomy":"product_tag","embeddable":true,"href":"https:\/\/www.simic-speck.at\/hr\/wp-json\/wp\/v2\/product_tag?post=10459"}],"curies":[{"name":"wp","href":"https:\/\/api.w.org\/{rel}","templated":true}]}}