{"id":2857,"date":"2021-10-04T10:39:51","date_gmt":"2021-10-04T10:39:51","guid":{"rendered":"https:\/\/9ac1e247-73ae-4bd8-b7b1-4eb962136b6e.h3.conves.io\/?page_id=2857"},"modified":"2026-04-13T17:49:18","modified_gmt":"2026-04-13T15:49:18","slug":"uber-uns","status":"publish","type":"page","link":"https:\/\/www.simic-speck.at\/hr\/uber-uns\/","title":{"rendered":"O nama"},"content":{"rendered":"\n<h2>\n\t\tSpeckspezialit\u00e4ten Simic GmbH\n\t<\/h2>\n<h3>\n\t\tMade in \u00d6sterreich\n\t<\/h3>\n\t<h2>QUALIT\u00c4TSKONTROLLE &amp; TRADITION<\/h2>\n<p>Unser hochwertiges Fleisch kommt ausschlie\u00dflich aus qualifizierten Schlachth\u00e4usern aus der Umgebung &#8211; diese wiederum beziehen ihre Tiere von genauso gut ausgestatteten und qualifizierten Farmen.<\/p>\n<p>W\u00e4hrend des gesamten Wachstumsprozesses der Tiere werden <strong>s\u00e4mtliche Kontrollen und Ma\u00dfnahmen unter strenger Aufsicht von Veterin\u00e4rmedizinern und den zust\u00e4ndigen Beh\u00f6rden<\/strong> verfolgt &#8211; bis zur Lieferung des Fleisches an uns unterliegen die Tiere verschiedensten, ausf\u00fchrlichen Analysen.<\/p>\n<p><strong>Made in \u00d6sterreich.<\/strong><\/p>\n<p>Alle Produkte werden \u00fcber Buchenholz ger\u00e4uchert &#8211; somit nehmen diese ein leichtes Aroma des Holzes an. Anschlie\u00dfend werden die Waren unter Kontrolle von Temperatur und Feuchtigkeit in speziell daf\u00fcr entwickelten Reifungsanlagen luftgetrocknet.<\/p>\n<p>F\u00fcr die Bewahrung der alt-kroatischen Tradition geben wir alles!<\/p>\n\t<h2>STORY<\/h2>\n<p>Wie Sie sehen, verf\u00fcgt Speckspezialit\u00e4ten Simic \u00fcber ein sehr gro\u00dfes Sortiment an hochwertigen Wurst- und Speckspezialit\u00e4ten.<\/p>\n<p>Tatsache ist, dass es nur wenige oder fast keine Hersteller gibt, die dieses k\u00f6stliche Gericht nach 100 % alter kroatischer Tradition herstellen &#8211; ohne den Zusatz verschiedener synthetischer Materialien. Unsere Produkte, das Ergebnis der Kombination moderner Fleischverarbeitung und traditioneller W\u00fcrze, gew\u00e4hrleisten den Erhalt des nat\u00fcrlichen Geschmacks des Fleisches und die hohe Qualit\u00e4t, die Sie &#8211; unsere treuen Kunden &#8211; erwarten k\u00f6nnen.<\/p>\n<p>Wir sind nicht die Erfinder der altkroatischen Speckspezialit\u00e4ten, aber wir tun alles daf\u00fcr, dass diese Tradition und Qualit\u00e4t der Speckherstellung nicht in Vergessenheit ger\u00e4t &#8211; das ist auch der Grund f\u00fcr unseren Erfolg!<\/p>\n\t\t\t\t<img loading=\"lazy\" decoding=\"async\" src=\"https:\/\/www.simic-speck.at\/wp-content\/uploads\/2025\/09\/KRONOLOGIJA-SIMIC-nJEM.png\" alt=\"KRONOLOGIJA SIMIC nJEM\" itemprop=\"image\" height=\"870\" width=\"1920\" title=\"KRONOLOGIJA SIMIC nJEM\" onerror=\"this.style.display='none'\"  \/>\n\t<iframe src=\"https:\/\/www.google.com\/maps\/embed\/v1\/place?q=Gewerbepark+Trimmelkam+2%0A5120+Sankt+Pantaleon&#038;key=AIzaSyD09zQ9PNDNNy9TadMuzRV_UsPUoWKntt8\" aria-hidden=\"true\"><\/iframe>\n\t<h3>Speckspezialit\u00e4ten Simic GmbH<\/h3>\nGewerbepark Trimmelkam 2<br \/>\n5120 Sankt Pantaleon<br \/>\nMobiltelefon +43 664 5357791<br \/>\nFax +43 6277 7730-14\n<p><a href=\"mailto:office@simic-speck.at\">office@simic-speck.at<\/a><\/p>\n\t<div class=\"frm_forms  with_frm_style frm_style_formidable-style\" id=\"frm_form_2_container\" data-token=\"a8a53ba3e69fae68c45a319bd3683a88\">\n<form enctype=\"multipart\/form-data\" method=\"post\" class=\"frm-show-form  frm_js_validate \" id=\"form_contact-form\" data-token=\"a8a53ba3e69fae68c45a319bd3683a88\">\n<div class=\"frm_form_fields  form-group\">\n<fieldset>\n<legend class=\"frm_screen_reader\">Kontakt- und Anfrageformular<\/legend>\r\n\r\n<div class=\"frm_fields_container\">\n<input type=\"hidden\" name=\"frm_action\" value=\"create\" \/>\n<input type=\"hidden\" name=\"form_id\" value=\"2\" \/>\n<input type=\"hidden\" name=\"frm_hide_fields_2\" id=\"frm_hide_fields_2\" value=\"\" \/>\n<input type=\"hidden\" name=\"form_key\" value=\"contact-form\" \/>\n<input type=\"hidden\" name=\"item_meta[0]\" value=\"\" \/>\n<input type=\"hidden\" id=\"frm_submit_entry_2\" name=\"frm_submit_entry_2\" value=\"78e40a4153\" \/><input type=\"hidden\" name=\"_wp_http_referer\" value=\"\/hr\/wp-json\/wp\/v2\/pages\/2857\" \/><div id=\"frm_field_22_container\" class=\"frm_form_field frm_section_heading form-field frm_top_container\">\r\n<h3 class=\"frm_pos_ frm_primary_label[collapse_class]\">Pers\u00f6nliche Daten<\/h3>\r\n\r\n\r\n<\/div>\n<div id=\"frm_field_2_container\" class=\"frm_form_field form-field  frm_required_field form-group frm_top_container frm6 frm_first\">\r\n    <label for=\"field_qh4icy\" id=\"field_qh4icy_label\" class=\"frm_primary_label control-label\">Name\r\n        <span class=\"frm_required\" aria-hidden=\"true\">*<\/span>\r\n    <\/label>\r\n    <input type=\"text\" id=\"field_qh4icy\" name=\"item_meta[2]\" value=\"\"  data-reqmsg=\"Dieses Feld darf nicht leer sein.\" aria-required=\"true\" data-invmsg=\"Name ist ung\u00fcltig\" class=\"form-control\" aria-invalid=\"false\"   aria-describedby=\"frm_desc_field_qh4icy\"\/>\r\n    <div class=\"frm_description help-block\" id=\"frm_desc_field_qh4icy\">Vorname<\/div>\r\n    \r\n<\/div>\n<div id=\"frm_field_5_container\" class=\"frm_form_field form-field  frm_required_field form-group frm_hidden_container frm6\">\r\n    <label for=\"field_ocfup1\" id=\"field_ocfup1_label\" class=\"frm_primary_label control-label\">Last\r\n        <span class=\"frm_required\" aria-hidden=\"true\">*<\/span>\r\n    <\/label>\r\n    <input type=\"text\" id=\"field_ocfup1\" name=\"item_meta[5]\" value=\"\"  data-reqmsg=\"Dieses Feld darf nicht leer sein.\" aria-required=\"true\" data-invmsg=\"Last ist ung\u00fcltig\" class=\"form-control\" aria-invalid=\"false\"   aria-describedby=\"frm_desc_field_ocfup1\"\/>\r\n    <div class=\"frm_description help-block\" id=\"frm_desc_field_ocfup1\">Nachname<\/div>\r\n    \r\n<\/div>\n<div id=\"frm_field_25_container\" class=\"frm_form_field form-field  form-group frm_top_container\">\n\t<label for=\"field_cj2cd\" id=\"field_cj2cd_label\" class=\"frm_primary_label control-label\">Sektion Buttons\n\t\t<span class=\"frm_required\" aria-hidden=\"true\"><\/span>\n\t<\/label>\n\t<input type=\"text\" id=\"field_cj2cd\" name=\"item_meta[25]\" value=\"\"  data-invmsg=\"Sektion Buttons is invalid\" class=\"form-control\" aria-invalid=\"false\"  \/>\n\t\n\t\n<\/div>\n<div id=\"frm_field_17_container\" class=\"frm_form_field frm_section_heading form-field frm_top_container\">\r\n<h3 class=\"frm_pos_ frm_primary_label[collapse_class]\">Adressinformationen<\/h3>\r\n\r\n\r\n<\/div>\n<div id=\"frm_field_26_container\" class=\"frm_form_field form-field  form-group frm_top_container\">\r\n    <div  id=\"field_n5jyz_label\" class=\"frm_primary_label control-label\">Adresse\r\n        <span class=\"frm_required\" aria-hidden=\"true\"><\/span>\r\n    <\/div>\r\n    <input type=\"text\" id=\"field_n5jyz\" name=\"item_meta[26]\" value=\", , , , , \"  data-frmval=\"{&quot;line1&quot;:&quot;&quot;,&quot;line2&quot;:&quot;&quot;,&quot;city&quot;:&quot;&quot;,&quot;state&quot;:&quot;&quot;,&quot;zip&quot;:&quot;&quot;,&quot;country&quot;:&quot;&quot;}\" data-invmsg=\"Adresse is invalid\" class=\"form-control\" aria-invalid=\"false\"  \/>\r\n    \r\n    \r\n<\/div>\n<div id=\"frm_field_20_container\" class=\"frm_form_field form-field  form-group frm_top_container\">\n\t<label for=\"field_2lxug\" id=\"field_2lxug_label\" class=\"frm_primary_label control-label\">Sektion Buttons\n\t\t<span class=\"frm_required\" aria-hidden=\"true\"><\/span>\n\t<\/label>\n\t<input type=\"text\" id=\"field_2lxug\" name=\"item_meta[20]\" value=\"\"  data-invmsg=\"Sektion Buttons is invalid\" class=\"form-control\" aria-invalid=\"false\"  \/>\n\t\n\t\n<\/div>\n<div id=\"frm_field_28_container\" class=\"frm_form_field frm_section_heading form-field frm_top_container\">\r\n<h3 class=\"frm_pos_ frm_primary_label[collapse_class]\">Kontaktinformationen<\/h3>\r\n\r\n\r\n<\/div>\n<div id=\"frm_field_34_container\" class=\"frm_form_field form-field  form-group frm_top_container frm4 frm_first\">\r\n    <label for=\"field_dqiwt\" id=\"field_dqiwt_label\" class=\"frm_primary_label control-label\">Unternehmen\r\n        <span class=\"frm_required\" aria-hidden=\"true\"><\/span>\r\n    <\/label>\r\n    <input type=\"text\" id=\"field_dqiwt\" name=\"item_meta[34]\" value=\"\"  data-invmsg=\"Text ist ung\u00fcltig\" class=\"form-control\" aria-invalid=\"false\"  \/>\r\n    \r\n    \r\n<\/div>\n<div id=\"frm_field_36_container\" class=\"frm_form_field form-field  form-group frm_top_container frm4\">\r\n    <label for=\"field_vd0z9\" id=\"field_vd0z9_label\" class=\"frm_primary_label control-label\">Kundennummer\r\n        <span class=\"frm_required\" aria-hidden=\"true\"><\/span>\r\n    <\/label>\r\n    <input type=\"text\" id=\"field_vd0z9\" name=\"item_meta[36]\" value=\"\"  data-invmsg=\"Text ist ung\u00fcltig\" class=\"form-control\" aria-invalid=\"false\"  \/>\r\n    \r\n    \r\n<\/div>\n<div id=\"frm_field_38_container\" class=\"frm_form_field form-field  frm_required_field form-group frm_top_container frm4\">\r\n    <label for=\"field_rpsal\" id=\"field_rpsal_label\" class=\"frm_primary_label control-label\">Telefon\/Mobil\r\n        <span class=\"frm_required\" aria-hidden=\"true\">*<\/span>\r\n    <\/label>\r\n    <input type=\"text\" id=\"field_rpsal\" name=\"item_meta[38]\" value=\"\"  data-reqmsg=\"Dieses Feld darf nicht leer sein.\" aria-required=\"true\" data-invmsg=\"Text ist ung\u00fcltig\" class=\"form-control\" aria-invalid=\"false\"  \/>\r\n    \r\n    \r\n<\/div>\n<div id=\"frm_field_8_container\" class=\"frm_form_field form-field  frm_required_field form-group frm_top_container frm6 frm_first\">\r\n    <label for=\"field_29yf4d\" id=\"field_29yf4d_label\" class=\"frm_primary_label control-label\">Email\r\n        <span class=\"frm_required\" aria-hidden=\"true\">*<\/span>\r\n    <\/label>\r\n    <input type=\"email\" id=\"field_29yf4d\" name=\"item_meta[8]\" value=\"\"  data-reqmsg=\"Dieses Feld darf nicht leer sein.\" aria-required=\"true\" data-invmsg=\"Please enter a valid email address\" class=\"form-control\" aria-invalid=\"false\"  \/>\r\n    \r\n    \r\n<\/div>\n<div id=\"frm_field_14_container\" class=\"frm_form_field form-field  frm_required_field form-group frm_top_container frm6\">\r\n    <label for=\"field_9jv0r1\" id=\"field_9jv0r1_label\" class=\"frm_primary_label control-label\">Ihre Nachricht \r\n        <span class=\"frm_required\" aria-hidden=\"true\">*<\/span>\r\n    <\/label>\r\n    <textarea name=\"item_meta[14]\" id=\"field_9jv0r1\" rows=\"5\"  data-reqmsg=\"Dieses Feld darf nicht leer sein.\" aria-required=\"true\" data-invmsg=\"Ihre Nachricht  is invalid\" class=\"form-control\" aria-invalid=\"false\"  ><\/textarea>\r\n    \r\n    \r\n<\/div>\n<div id=\"frm_field_31_container\" class=\"frm_form_field form-field  form-group frm_top_container\">\n\t<label for=\"field_3hylv\" id=\"field_3hylv_label\" class=\"frm_primary_label control-label\">Sektion Buttons\n\t\t<span class=\"frm_required\" aria-hidden=\"true\"><\/span>\n\t<\/label>\n\t<input type=\"text\" id=\"field_3hylv\" name=\"item_meta[31]\" value=\"\"  data-invmsg=\"Sektion Buttons is invalid\" class=\"form-control\" aria-invalid=\"false\"  \/>\n\t\n\t\n<\/div>\n\t<input type=\"hidden\" name=\"item_key\" value=\"\" \/>\n\t\t\t<div id=\"frm_field_79_container\">\n\t\t\t<label for=\"field_r988c\" >\n\t\t\t\tIf you are human, leave this field blank.\t\t\t<\/label>\n\t\t\t<input  id=\"field_r988c\" type=\"text\" class=\"frm_form_field form-field frm_verify\" name=\"item_meta[79]\" value=\"\"  \/>\n\t\t<\/div>\n\t\t<div class=\"form-group frm_submit\">\r\n\r\n<button class=\"frm_button_submit btn btn-default\" type=\"submit\"  >Senden<\/button>\r\n\r\n<\/div><\/div>\n<\/fieldset>\n<\/div>\n\n<\/form>\n<\/div>\n\n\n","protected":false},"excerpt":{"rendered":"<p>Speckspezialit\u00e4ten Simic GmbH Made in \u00d6sterreich QUALIT\u00c4TSKONTROLLE &amp; TRADITION Unser hochwertiges Fleisch kommt ausschlie\u00dflich aus qualifizierten Schlachth\u00e4usern aus der Umgebung &#8211; diese wiederum beziehen ihre Tiere von genauso gut ausgestatteten und qualifizierten Farmen. W\u00e4hrend des gesamten Wachstumsprozesses der Tiere werden s\u00e4mtliche Kontrollen und Ma\u00dfnahmen unter strenger Aufsicht von Veterin\u00e4rmedizinern und den zust\u00e4ndigen Beh\u00f6rden verfolgt &#8211; &#8230; <a title=\"O nama\" class=\"read-more\" href=\"https:\/\/www.simic-speck.at\/hr\/uber-uns\/\" aria-label=\"More on \u00dcber uns\">Op\u0161irnije<\/a><\/p>","protected":false},"author":8,"featured_media":0,"parent":0,"menu_order":0,"comment_status":"closed","ping_status":"closed","template":"","meta":{"_acf_changed":false,"inline_featured_image":false,"footnotes":""},"class_list":["post-2857","page","type-page","status-publish"],"acf":[],"_links":{"self":[{"href":"https:\/\/www.simic-speck.at\/hr\/wp-json\/wp\/v2\/pages\/2857","targetHints":{"allow":["GET"]}}],"collection":[{"href":"https:\/\/www.simic-speck.at\/hr\/wp-json\/wp\/v2\/pages"}],"about":[{"href":"https:\/\/www.simic-speck.at\/hr\/wp-json\/wp\/v2\/types\/page"}],"author":[{"embeddable":true,"href":"https:\/\/www.simic-speck.at\/hr\/wp-json\/wp\/v2\/users\/8"}],"replies":[{"embeddable":true,"href":"https:\/\/www.simic-speck.at\/hr\/wp-json\/wp\/v2\/comments?post=2857"}],"version-history":[{"count":32,"href":"https:\/\/www.simic-speck.at\/hr\/wp-json\/wp\/v2\/pages\/2857\/revisions"}],"predecessor-version":[{"id":119319,"href":"https:\/\/www.simic-speck.at\/hr\/wp-json\/wp\/v2\/pages\/2857\/revisions\/119319"}],"wp:attachment":[{"href":"https:\/\/www.simic-speck.at\/hr\/wp-json\/wp\/v2\/media?parent=2857"}],"curies":[{"name":"wp","href":"https:\/\/api.w.org\/{rel}","templated":true}]}}