{"id":2773,"date":"2021-10-04T09:48:06","date_gmt":"2021-10-04T09:48:06","guid":{"rendered":"https:\/\/9ac1e247-73ae-4bd8-b7b1-4eb962136b6e.h3.conves.io\/?page_id=2773"},"modified":"2021-10-04T09:48:06","modified_gmt":"2021-10-04T09:48:06","slug":"zahlungsmethoden","status":"publish","type":"page","link":"https:\/\/www.simic-speck.at\/hr\/zahlungsmethoden\/","title":{"rendered":"Na\u010dini pla\u0107anja"},"content":{"rendered":"<h3 class=\"wp-block-heading\">Nachnahme<\/h3>\n\n\n\n<p>Aufpreis: \u20ac 0,00&nbsp;<small>uklju\u010duju\u0107i PDV<\/small><br>Bei Zahlung per Nachnahme wird der Paketbote den f\u00e4lligen Betrag kassieren.<br>Sollten Sie bei Zustellung nicht zuhause sein, wird Ihr Paket in der Post hinterlegt.<br>Zurzeit kann es wegen Corona dazu kommen das das Paket automatisch in der POST hinterlegt wird,<br>da die Zusteller eventuell nicht kassieren d\u00fcrfen.<br><br>Kada pla\u0107ate pouze\u0107em, kurir \u0107e prikupiti iznos.<br>Ako niste kod ku\u0107e, dostava \u0107e se polo\u017eiti u po\u0161ti.<br>Trenuta\u010dno Corona mo\u017ee uzrokovati automatsko polaganje po\u0161iljke u POSTI, jer dostavlja\u010di mo\u017eda ne\u0107e mo\u0107i naplatiti posiljku.<\/p>\n\n\n\n<h3 class=\"wp-block-heading\">PayPal<\/h3>\n\n\n\n<p>Aufpreis: \u20ac 3,90&nbsp;<small>uklju\u010duju\u0107i PDV<\/small><br>Von Ihrem Pay Pal Konto wird nur jener Betrag abgezogen, der bei Versand der Ware auf der Rechnung steht.<br>Dieser kann von der vorhergehenden Bestellsumme bis zu 15 % abweichen.<br><br>S va\u0161eg Pay Pal ra\u010duna oduzet \u0107e se samo iznos koji vidite na fakturi kod isporuke.<br>To se mo\u017ee razlikovati od sume narud\u017ebe do maksimalno 15 %.<\/p>\n\n\n\n<h3 class=\"wp-block-heading\">Kreditkarte<\/h3>\n\n\n\n<p>Aufpreis: \u20ac 0,00&nbsp;<small>uklju\u010duju\u0107i PDV<\/small><br>Von Ihrer Kreditkarte wird nur jener Betrag abgezogen, der bei Versand der Ware auf der Rechnung steht.<br>Dieser kann von der vorherigen Bestellsumme bis zu 15 % abweichen.<br><br>S va\u0161e kredit kartice oduzet \u0107e se samo iznos koji vidite na fakturi kod isporuke.<br>To se mo\u017ee razlikovati od sume narud\u017ebe do maksimalno 15 %.<\/p>\n\n\n\n<h3 class=\"wp-block-heading\">Vorauszahlung<\/h3>\n\n\n\n<p>Aufpreis: \u20ac 0,00&nbsp;<small>uklju\u010duju\u0107i PDV<\/small><br>Kad mi napakujemo paket vi dobijete automatski Mail sa svim informacijama kako mozete i koliko trebate uplatiti.<br>To vam moze potrajati oko 1-5 radnih dana.<br>Paket se tek salje kad novac stigne na nas racun.<\/p>","protected":false},"excerpt":{"rendered":"<p>Nachnahme Aufpreis: \u20ac 0,00&nbsp;inkl. MwSt.Bei Zahlung per Nachnahme wird der Paketbote den f\u00e4lligen Betrag kassieren.Sollten Sie bei Zustellung nicht zuhause sein, wird Ihr Paket in der Post hinterlegt.Zurzeit kann es wegen Corona dazu kommen das das Paket automatisch in der POST hinterlegt wird,da die Zusteller eventuell nicht kassieren d\u00fcrfen. Kada pla\u0107ate pouze\u0107em, kurir \u0107e prikupiti &#8230; <a title=\"Na\u010dini pla\u0107anja\" class=\"read-more\" href=\"https:\/\/www.simic-speck.at\/hr\/zahlungsmethoden\/\" aria-label=\"More on Zahlungsmethoden\">Op\u0161irnije<\/a><\/p>","protected":false},"author":8,"featured_media":0,"parent":0,"menu_order":0,"comment_status":"closed","ping_status":"closed","template":"","meta":{"_acf_changed":false,"inline_featured_image":false,"footnotes":""},"class_list":["post-2773","page","type-page","status-publish"],"acf":[],"_links":{"self":[{"href":"https:\/\/www.simic-speck.at\/hr\/wp-json\/wp\/v2\/pages\/2773","targetHints":{"allow":["GET"]}}],"collection":[{"href":"https:\/\/www.simic-speck.at\/hr\/wp-json\/wp\/v2\/pages"}],"about":[{"href":"https:\/\/www.simic-speck.at\/hr\/wp-json\/wp\/v2\/types\/page"}],"author":[{"embeddable":true,"href":"https:\/\/www.simic-speck.at\/hr\/wp-json\/wp\/v2\/users\/8"}],"replies":[{"embeddable":true,"href":"https:\/\/www.simic-speck.at\/hr\/wp-json\/wp\/v2\/comments?post=2773"}],"version-history":[{"count":1,"href":"https:\/\/www.simic-speck.at\/hr\/wp-json\/wp\/v2\/pages\/2773\/revisions"}],"predecessor-version":[{"id":2774,"href":"https:\/\/www.simic-speck.at\/hr\/wp-json\/wp\/v2\/pages\/2773\/revisions\/2774"}],"wp:attachment":[{"href":"https:\/\/www.simic-speck.at\/hr\/wp-json\/wp\/v2\/media?parent=2773"}],"curies":[{"name":"wp","href":"https:\/\/api.w.org\/{rel}","templated":true}]}}