{"id":2768,"date":"2021-10-04T09:46:40","date_gmt":"2021-10-04T09:46:40","guid":{"rendered":"https:\/\/9ac1e247-73ae-4bd8-b7b1-4eb962136b6e.h3.conves.io\/?page_id=2768"},"modified":"2021-10-04T09:46:41","modified_gmt":"2021-10-04T09:46:41","slug":"agbs","status":"publish","type":"page","link":"https:\/\/www.simic-speck.at\/hr\/agbs\/","title":{"rendered":"Uvjeti i odredbe"},"content":{"rendered":"<p><strong>Speckspezialit\u00e4ten Simic GmbH Allgemeinen Gesch\u00e4fts-, Liefer- und Zahlungsbedingungen ONLINE SHOP<\/strong><\/p>\n\n\n\n<p><strong>1. Geltungsbereich<\/strong><\/p>\n\n\n\n<p>Vertragsabschl\u00fcsse, Angebote, Lieferungen und Leistungen der Speckspezialit\u00e4ten Simic GmbH, Trimmelkam 116, 5120 St.Pantaleon, \u00d6sterreich erfolgen ausschlie\u00dflich auf Grundlage dieser Allgemeinen\u2028 Gesch\u00e4ftsbedingungen. Abweichende Bedingungen des Bestellers erkennt Speckspezialit\u00e4ten Simic nicht an, es sei denn, Speckspezialit\u00e4ten Simic hat ausdr\u00fccklich schriftlich ihrer Geltung zugestimmt. Mit der Abgabe der Bestellung und der Zustimmung im daf\u00fcr vorgesehenen Feld gelten diese Bestimmungen als angenommen.\u2028Die Allgemeinen Gesch\u00e4ftsbedingungen k\u00f6nnen jederzeit ge\u00e4ndert werden. Es gilt die jeweils bei Einlangen der Bestellung aktuelle Fassung.<\/p>\n\n\n\n<p><strong>2. Vertragsabschluss<\/strong><\/p>\n\n\n\n<p>Alle unsere Angebote sind freibleibend und unverbindlich. Diese Bestimmung gilt f\u00fcr alle unsere Angaben in Preislisten, Anzeigen, Mailings jeglicher Art sowie m\u00fcndliche Ausk\u00fcnfte und Zusagen vorbehaltlich Druckfehler.<\/p>\n\n\n\n<p>Ein Vertrag zwischen Speckspezialit\u00e4ten Simic und einem Kunden kommt durch einen Auftrag des Bestellers und die korrespondierende Annahme durch Speckspezialit\u00e4ten Simic zustande. Speckspezialit\u00e4ten Simic ist nicht zur Annahme des Angebots und zur Durchf\u00fchrung des Auftrages verpflichtet, f\u00fcr den Fall, dass die Bestellung von Speckspezialit\u00e4ten Simic nicht angenommen wird, wird Speckspezialit\u00e4ten Simic dies dem Besteller, sofern dieser Verbraucher ist, unverz\u00fcglich mitteilen und allenfalls bereits geleistete Zahlung umgehend r\u00fcckerstatten.<\/p>\n\n\n\n<p><strong>3. Lieferung<\/strong><\/p>\n\n\n\n<p>Sofern nicht anders vereinbart, erfolgt die Lieferung ab Lager an die vom Besteller angegebene Adresse. Angaben \u00fcber Lieferfristen sind unverbindlich, sofern nicht ausnahmsweise der Liefertermin verbindlich zugesagt wurde.<\/p>\n\n\n\n<p>Wir behalten uns eine eventuelle Teillieferung vor. Eventuelle Lieferverz\u00f6gerungen durch den Paketzusteller k\u00f6nnen wir leider nicht beeinflussen. Sollte die von Ihnen bestellte Ware bei uns nicht verf\u00fcgbar sein, werden wir die restliche Bestellte Ware versenden und Sie mit der Rechnung in Kenntnis setzen dass es nicht verf\u00fcgbar ist. Wir behalten uns in diesem Fall das Recht vor, uns vom Vertrag zu l\u00f6sen und die bestellte Ware bei Nichtverf\u00fcgbarkeit nicht zu liefern. Sehr geehrte Kunden, wir sind nicht in der Lage, das angegebene Gewicht der Waren exakt zu liefern. Es besteht die M\u00f6glichkeit einer Abweichung vom Soll-Gewicht von durchschnittlich +\/- 25% in jedem Fall aber wird auf der Rechnung das genaue Gewicht wie auch der Wert der verpackten Ware angezeigt. Die Auslieferung unserer Speckspezialit\u00e4ten erfolgt \u00fcber die \u00d6sterreichische Post f\u00fcr \u00d6sterreich und wird gegebener falls an DHL f\u00fcr Deutschland weitergeleitet. Unsere Kunden sind verpflichtet, bei der \u00dcbernahme unserer Lieferungen durch die Post (oder DHL) darauf zu achten, dass die Pakete weder ge\u00f6ffnet, besch\u00e4digt noch in irgendeiner anderen Form manipuliert wurden. Ist dies dennoch der Fall, sind unsere Kunden verpflichtet, dies auf dem \u00dcbergabeprotokoll des Fahrers von der Post (oder DHL) schriftlich festzuhalten, weil Speckspezialit\u00e4ten Simic andernfalls keine Beanstandungen betreffend fehlender, besch\u00e4digter oder mangelhafter Ware entgegennehmen kann.<\/p>\n\n\n\n<p><strong>4. Preise<\/strong><\/p>\n\n\n\n<p>Alle angegebenen Preise verstehen sich als Bruttopreise in Euro und beinhalten s\u00e4mtliche Abgaben und Steuern. Nicht enthalten sind f\u00fcr den Versand anfallende Kosten. Diese sind unter Punkt 7 angef\u00fchrt und werden gesondert verrechnet und ausgewiesen.<\/p>\n\n\n\n<p>Es gelten die Listenpreise des Tages, an dem die Bestellung bei Speckspezialit\u00e4ten Simic einlangt. F\u00fcr Nachbestellungen sind die Preise unverbindlich.<\/p>\n\n\n\n<p><strong>5. Zahlungsbedingungen<\/strong><\/p>\n\n\n\n<p>Es gelten die Preise zum Zeitpunkt der Bestellung. Der Kaufpreis ist mit Lieferung der bestellten Ware f\u00e4llig.<\/p>\n\n\n\n<p>Wir bieten in unserem Speckspezialit\u00e4ten Simic Online Shop die Zahlung per Nachnahme.<\/p>\n\n\n\n<p><strong>6. Eigentumsvorbehalt<\/strong><\/p>\n\n\n\n<p>S\u00e4mtliche Waren verbleiben bis zur vollst\u00e4ndigen Bezahlung durch den Besteller im Eigentum von Speckspezialit\u00e4ten Simic.<\/p>\n\n\n\n<p><strong>7. Versandkosten<\/strong><\/p>\n\n\n\n<p>Versandkosten gehen grunds\u00e4tzlich zu Lasten des Bestellers au\u00dfer es wurde \u00fcber 20 kg Bestellt, wenn dies nicht ausdr\u00fccklich und schriftlich anders vereinbart wurde.<\/p>\n\n\n\n<p>Versandkosten Osterreich:<\/p>\n\n\n\n<p>bis 4. kg \u20ac 5,36<br>bis 8. kg \u20ac 6,45<br>bis 12. kg \u20ac 7,90<br>bis 20. kg \u20ac 9,45<br>Bestellungen \u00fcber 20. kg frei Haus<\/p>\n\n\n\n<p>Versandkosten Deutschland:<br>bis 4. kg \u20ac 6,85<br>bis 8. kg \u20ac 7,36<br>bis 12. kg \u20ac 8,12<br>bis 20. kg \u20ac 9,65<br>Bestellungen \u00fcber 20. kg frei Haus<\/p>\n\n\n\n<p>Der Versand ist ausschlie\u00dflich nach \u00d6sterreich und Deutschland m\u00f6glich.<\/p>\n\n\n\n<p><strong>8. R\u00fccktrittsrecht<\/strong><\/p>\n\n\n\n<p>Der Besteller, sofern er Verbraucher im Sinne des Konsumentenschutzgesetzes ist, hat das Recht, innerhalb von 7 Werktagen nach Lieferung der Ware vom Vertrag zur\u00fcckzutreten. Der R\u00fccktritt muss Speckspezialit\u00e4ten Simic schriftlich mitgeteilt werden. Die Kosten der R\u00fccksendung tr\u00e4gt der Besteller. Die Ware muss in wiederverkaufsf\u00e4higem, ungen\u00fctztem Zustand und in Originalverpackung zur\u00fcck geschickt werden. Waren, die durch Gebrauchsspuren beeintr\u00e4chtigt sind oder deren Verpackung besch\u00e4digt ist, wird von Speckspezialit\u00e4ten Simic nicht zur\u00fcckgenommen.<\/p>\n\n\n\n<p><strong>9. R\u00fcckgabe mangelhafter Ware<\/strong><\/p>\n\n\n\n<p>Bei berechtigten M\u00e4ngeln kann die Ware innerhalb der Gew\u00e4hrleistungsfrist an Speckspezialit\u00e4ten Simic zur\u00fcckgeschickt werden. Der Besteller erh\u00e4lt eine Gutschrift in H\u00f6he der bezahlten Rechnung. Hierf\u00fcr ist die Rechnung vorzulegen.<\/p>\n\n\n\n<p><strong>10. Datenschutz<\/strong><\/p>\n\n\n\n<p>Die zur Abwicklung des Vertrages erforderlichen personenbezogenen Daten werden vom Besteller zur Verf\u00fcgung gestellt. Die f\u00fcr die Gesch\u00e4ftsabwicklung notwendigen personenbezogenen Daten werden gespeichert und im Rahmen der ordnungsgem\u00e4\u00dfen Erledigung der Bestellabwicklung gegebenenfalls an Dritte weitergegeben. Die Behandlung der Daten erfolgt in \u00dcbereinstimmung mit den Bestimmungen des Datenschutzgesetzes.<\/p>\n\n\n\n<p>Selbstverst\u00e4ndlich werden alle pers\u00f6nlichen Daten vertraulich behandelt. Wir garantieren h\u00f6chste Sicherheitsstandards. Wir verpflichten uns, Bestellerdaten vor jedem unberechtigten Zugriff zu sch\u00fctzen. F\u00fcr Marketingzwecke pflegen wir einen Datenaustausch. Alle schutzw\u00fcrdigen Belange werden dabei von uns ber\u00fccksichtigt.<\/p>\n\n\n\n<p><strong>11. Schlussbestimmung<\/strong><\/p>\n\n\n\n<p>Sollte eine oder mehrere Regelungen dieser AGB unwirksam sein, so wird die Wirksamkeit der \u00fcbrigen Regelungen nicht ber\u00fchrt. Die unwirksame Regelung wird durch die einschl\u00e4gige gesetzliche Regelung ersetzt. Auf diesen Vertrag ist ausschlie\u00dflich \u00f6sterreichisches Recht anwendbar.<\/p>","protected":false},"excerpt":{"rendered":"<p>Speckspezialit\u00e4ten Simic GmbH Allgemeinen Gesch\u00e4fts-, Liefer- und Zahlungsbedingungen ONLINE SHOP 1. Geltungsbereich Vertragsabschl\u00fcsse, Angebote, Lieferungen und Leistungen der Speckspezialit\u00e4ten Simic GmbH, Trimmelkam 116, 5120 St.Pantaleon, \u00d6sterreich erfolgen ausschlie\u00dflich auf Grundlage dieser Allgemeinen\u2028 Gesch\u00e4ftsbedingungen. Abweichende Bedingungen des Bestellers erkennt Speckspezialit\u00e4ten Simic nicht an, es sei denn, Speckspezialit\u00e4ten Simic hat ausdr\u00fccklich schriftlich ihrer Geltung zugestimmt. Mit der &#8230; <a title=\"Uvjeti i odredbe\" class=\"read-more\" href=\"https:\/\/www.simic-speck.at\/hr\/agbs\/\" aria-label=\"More on AGBs\">Op\u0161irnije<\/a><\/p>","protected":false},"author":8,"featured_media":0,"parent":0,"menu_order":0,"comment_status":"closed","ping_status":"closed","template":"","meta":{"_acf_changed":false,"inline_featured_image":false,"footnotes":""},"class_list":["post-2768","page","type-page","status-publish"],"acf":[],"_links":{"self":[{"href":"https:\/\/www.simic-speck.at\/hr\/wp-json\/wp\/v2\/pages\/2768","targetHints":{"allow":["GET"]}}],"collection":[{"href":"https:\/\/www.simic-speck.at\/hr\/wp-json\/wp\/v2\/pages"}],"about":[{"href":"https:\/\/www.simic-speck.at\/hr\/wp-json\/wp\/v2\/types\/page"}],"author":[{"embeddable":true,"href":"https:\/\/www.simic-speck.at\/hr\/wp-json\/wp\/v2\/users\/8"}],"replies":[{"embeddable":true,"href":"https:\/\/www.simic-speck.at\/hr\/wp-json\/wp\/v2\/comments?post=2768"}],"version-history":[{"count":1,"href":"https:\/\/www.simic-speck.at\/hr\/wp-json\/wp\/v2\/pages\/2768\/revisions"}],"predecessor-version":[{"id":2770,"href":"https:\/\/www.simic-speck.at\/hr\/wp-json\/wp\/v2\/pages\/2768\/revisions\/2770"}],"wp:attachment":[{"href":"https:\/\/www.simic-speck.at\/hr\/wp-json\/wp\/v2\/media?parent=2768"}],"curies":[{"name":"wp","href":"https:\/\/api.w.org\/{rel}","templated":true}]}}