{"id":2117,"date":"2021-10-01T09:24:38","date_gmt":"2021-10-01T07:24:38","guid":{"rendered":"https:\/\/9ac1e247-73ae-4bd8-b7b1-4eb962136b6e.h3.conves.io\/?page_id=2117"},"modified":"2026-04-14T16:08:34","modified_gmt":"2026-04-14T14:08:34","slug":"simic-shop","status":"publish","type":"page","link":"https:\/\/www.simic-speck.at\/hr\/simic-shop\/","title":{"rendered":"Shop"},"content":{"rendered":"<h2>\n\t\tVa\u0161a internetska trgovina za slaninu i kobasice\n\t<\/h2>\n\t<h3>Budu\u0107i da su na\u0161i proizvodi ru\u010dno izra\u0111ene prirodne robe, stvarna te\u017eina mo\u017ee se razlikovati od navedene ciljne te\u017eine. Mogu\u0107a varijacija u prosjeku iznosi do +\/- 15%. Naravno, ra\u010dun \u0107e uvijek prikazivati to\u010dnu te\u017einu i preciznu cijenu zapakiranih proizvoda.<\/h3>\n<p>&nbsp;<\/p>\n\t<h1 data-start=\"85\" data-end=\"104\"><strong data-start=\"85\" data-end=\"104\">VA\u017dNO<\/strong><\/h1>\n<h3 data-start=\"693\" data-end=\"841\">Derzeit betr\u00e4gt die Bearbeitungs- und Versandzeit ca. 1-3 Werktage.<br data-start=\"770\" data-end=\"773\" \/>Nach dem Versand betr\u00e4gt die Lieferzeit zus\u00e4tzlich ca. 1-4 Werktage.<\/h3>\n    Kategorien: &nbsp;\n    <div class=\"facetwp-facet facetwp-facet-categories facetwp-type-checkboxes\" data-name=\"categories\" data-type=\"checkboxes\"><\/div>\n\tFilter","protected":false},"excerpt":{"rendered":"<p>Ihr Onlineshop f\u00fcr Speck und Wurstwaren Da es sich bei unseren Produkten um handwerklich hergestellte Naturprodukte handelt, kann das tats\u00e4chliche Gewicht vom angegebenen Soll-Gewicht abweichen. Die m\u00f6gliche Abweichung betr\u00e4gt durchschnittlich bis zu +\/- 15 %. Selbstverst\u00e4ndlich wird auf der Rechnung immer das exakte Gewicht sowie der genaue Preis der verpackten Ware ausgewiesen. &nbsp; WICHTIG Derzeit &#8230; <a title=\"Shop\" class=\"read-more\" href=\"https:\/\/www.simic-speck.at\/hr\/simic-shop\/\" aria-label=\"More on Shop\">Op\u0161irnije<\/a><\/p>","protected":false},"author":6,"featured_media":0,"parent":0,"menu_order":0,"comment_status":"closed","ping_status":"closed","template":"","meta":{"_acf_changed":false,"inline_featured_image":false,"footnotes":""},"class_list":["post-2117","page","type-page","status-publish"],"acf":[],"_links":{"self":[{"href":"https:\/\/www.simic-speck.at\/hr\/wp-json\/wp\/v2\/pages\/2117","targetHints":{"allow":["GET"]}}],"collection":[{"href":"https:\/\/www.simic-speck.at\/hr\/wp-json\/wp\/v2\/pages"}],"about":[{"href":"https:\/\/www.simic-speck.at\/hr\/wp-json\/wp\/v2\/types\/page"}],"author":[{"embeddable":true,"href":"https:\/\/www.simic-speck.at\/hr\/wp-json\/wp\/v2\/users\/6"}],"replies":[{"embeddable":true,"href":"https:\/\/www.simic-speck.at\/hr\/wp-json\/wp\/v2\/comments?post=2117"}],"version-history":[{"count":110,"href":"https:\/\/www.simic-speck.at\/hr\/wp-json\/wp\/v2\/pages\/2117\/revisions"}],"predecessor-version":[{"id":119360,"href":"https:\/\/www.simic-speck.at\/hr\/wp-json\/wp\/v2\/pages\/2117\/revisions\/119360"}],"wp:attachment":[{"href":"https:\/\/www.simic-speck.at\/hr\/wp-json\/wp\/v2\/media?parent=2117"}],"curies":[{"name":"wp","href":"https:\/\/api.w.org\/{rel}","templated":true}]}}